{"id":45624,"date":"2026-04-23T05:10:40","date_gmt":"2026-04-23T02:10:40","guid":{"rendered":"https:\/\/www.nordi.ee\/toode\/looper-laud\/"},"modified":"2026-04-29T10:41:06","modified_gmt":"2026-04-29T07:41:06","slug":"looper-laud","status":"publish","type":"product","link":"https:\/\/www.nordi.ee\/en\/toode\/looper-laud\/","title":{"rendered":"LOOPER laud"},"content":{"rendered":"<p>m\u00f5\u00f5dud: \u00d8115\/76 cm, materjal: klaas \/ pulberkattega teras, v\u00e4rv: raam &#8211; valge, p\u00fcsik &#8211; valge<\/p>\n","protected":false},"excerpt":{"rendered":"<p>m\u00f5\u00f5dud: \u00d8115\/76 cm, materjal: klaas \/ pulberkattega teras, v\u00e4rv: raam &#8211; valge, p\u00fcsik &#8211; valge<\/p>\n","protected":false},"featured_media":45625,"comment_status":"closed","ping_status":"open","template":"","meta":{"_gspb_post_css":""},"product_brand":[],"product_cat":[190,167],"product_tag":[],"class_list":{"0":"post-45624","1":"product","2":"type-product","3":"status-publish","4":"has-post-thumbnail","6":"product_cat-soogilauad","7":"product_cat-soogituba","8":"pa_vahelaos-ei","10":"first","11":"instock","12":"purchasable","13":"product-type-simple"},"ct_brands":[],"_links":{"self":[{"href":"https:\/\/www.nordi.ee\/en\/wp-json\/wp\/v2\/product\/45624","targetHints":{"allow":["GET"]}}],"collection":[{"href":"https:\/\/www.nordi.ee\/en\/wp-json\/wp\/v2\/product"}],"about":[{"href":"https:\/\/www.nordi.ee\/en\/wp-json\/wp\/v2\/types\/product"}],"replies":[{"embeddable":true,"href":"https:\/\/www.nordi.ee\/en\/wp-json\/wp\/v2\/comments?post=45624"}],"wp:featuredmedia":[{"embeddable":true,"href":"https:\/\/www.nordi.ee\/en\/wp-json\/wp\/v2\/media\/45625"}],"wp:attachment":[{"href":"https:\/\/www.nordi.ee\/en\/wp-json\/wp\/v2\/media?parent=45624"}],"wp:term":[{"taxonomy":"product_brand","embeddable":true,"href":"https:\/\/www.nordi.ee\/en\/wp-json\/wp\/v2\/product_brand?post=45624"},{"taxonomy":"product_cat","embeddable":true,"href":"https:\/\/www.nordi.ee\/en\/wp-json\/wp\/v2\/product_cat?post=45624"},{"taxonomy":"product_tag","embeddable":true,"href":"https:\/\/www.nordi.ee\/en\/wp-json\/wp\/v2\/product_tag?post=45624"}],"curies":[{"name":"wp","href":"https:\/\/api.w.org\/{rel}","templated":true}]}}