{"id":45580,"date":"2026-04-15T05:08:39","date_gmt":"2026-04-15T02:08:39","guid":{"rendered":"https:\/\/www.nordi.ee\/toode\/manchester-laud\/"},"modified":"2026-04-29T10:41:27","modified_gmt":"2026-04-29T07:41:27","slug":"manchester-laud","status":"publish","type":"product","link":"https:\/\/www.nordi.ee\/en\/toode\/manchester-laud\/","title":{"rendered":"MANCHESTER laud"},"content":{"rendered":"<p>m\u00f5\u00f5dud: 180\/90\/76 cm, materjal: MDF + looduslik vineer \/ pulberv\u00e4rvitud teras \/ kroomitud teras, v\u00e4rv: \u00fclemine &#8211; p\u00e4hklipuu, jalad &#8211; must \/ kuldne<\/p>\n","protected":false},"excerpt":{"rendered":"<p>m\u00f5\u00f5dud: 180\/90\/76 cm, materjal: MDF + looduslik vineer \/ pulberv\u00e4rvitud teras \/ kroomitud teras, v\u00e4rv: \u00fclemine &#8211; p\u00e4hklipuu, jalad &#8211; must \/ kuldne<\/p>\n","protected":false},"featured_media":45581,"comment_status":"closed","ping_status":"open","template":"","meta":{"_gspb_post_css":""},"product_brand":[],"product_cat":[190,167],"product_tag":[],"class_list":{"0":"post-45580","1":"product","2":"type-product","3":"status-publish","4":"has-post-thumbnail","6":"product_cat-soogilauad","7":"product_cat-soogituba","8":"pa_jalgade-arv-4-2","9":"pa_korgus-406","10":"pa_laius-349","11":"pa_laua-suurus-8-person","12":"pa_laua-varvus-pahkel","13":"pa_lauaplaadi-kuju-ristkulikukujuline","14":"pa_lauaplaadi-materjal-lamineeritud-mdf","15":"pa_lauaplaadi-materjal-spoon","16":"pa_maximum-pikkus-4211","17":"pa_pakkide-arv-295","18":"pa_pikendatav-ei","19":"pa_raami-materjal-metall","20":"pa_raami-varv-kuldne","21":"pa_raami-varv-must","22":"pa_stiil-glamuur","23":"pa_stiil-moodne","24":"pa_sugavus-4101","25":"pa_vahelaos-ei","26":"pa_varv-must-kuldne-pahkel","28":"first","29":"instock","30":"purchasable","31":"product-type-simple"},"ct_brands":[],"_links":{"self":[{"href":"https:\/\/www.nordi.ee\/en\/wp-json\/wp\/v2\/product\/45580","targetHints":{"allow":["GET"]}}],"collection":[{"href":"https:\/\/www.nordi.ee\/en\/wp-json\/wp\/v2\/product"}],"about":[{"href":"https:\/\/www.nordi.ee\/en\/wp-json\/wp\/v2\/types\/product"}],"replies":[{"embeddable":true,"href":"https:\/\/www.nordi.ee\/en\/wp-json\/wp\/v2\/comments?post=45580"}],"wp:featuredmedia":[{"embeddable":true,"href":"https:\/\/www.nordi.ee\/en\/wp-json\/wp\/v2\/media\/45581"}],"wp:attachment":[{"href":"https:\/\/www.nordi.ee\/en\/wp-json\/wp\/v2\/media?parent=45580"}],"wp:term":[{"taxonomy":"product_brand","embeddable":true,"href":"https:\/\/www.nordi.ee\/en\/wp-json\/wp\/v2\/product_brand?post=45580"},{"taxonomy":"product_cat","embeddable":true,"href":"https:\/\/www.nordi.ee\/en\/wp-json\/wp\/v2\/product_cat?post=45580"},{"taxonomy":"product_tag","embeddable":true,"href":"https:\/\/www.nordi.ee\/en\/wp-json\/wp\/v2\/product_tag?post=45580"}],"curies":[{"name":"wp","href":"https:\/\/api.w.org\/{rel}","templated":true}]}}