{"id":45548,"date":"2026-04-01T05:12:42","date_gmt":"2026-04-01T02:12:42","guid":{"rendered":"https:\/\/www.nordi.ee\/toode\/mendoza-kohvilaud-varv-naturaalne\/"},"modified":"2026-04-29T10:41:53","modified_gmt":"2026-04-29T07:41:53","slug":"mendoza-kohvilaud-varv-naturaalne","status":"publish","type":"product","link":"https:\/\/www.nordi.ee\/en\/toode\/mendoza-kohvilaud-varv-naturaalne\/","title":{"rendered":"MENDOZA kohvilaud v\u00e4rv: naturaalne"},"content":{"rendered":"<p>m\u00f5\u00f5tmed: 120\/60\/50 cm, materjal: massivpuit &#8211; bambus, v\u00e4rvus: naturaalne<\/p>\n","protected":false},"excerpt":{"rendered":"<p>m\u00f5\u00f5tmed: 120\/60\/50 cm, materjal: massivpuit &#8211; bambus, v\u00e4rvus: naturaalne<\/p>\n","protected":false},"featured_media":45549,"comment_status":"closed","ping_status":"open","template":"","meta":{"_gspb_post_css":""},"product_brand":[],"product_cat":[178,165],"product_tag":[],"class_list":{"0":"post-45548","1":"product","2":"type-product","3":"status-publish","4":"has-post-thumbnail","6":"product_cat-diivanilauad","7":"product_cat-elutuba","8":"pa_vahelaos-ei","10":"first","11":"instock","12":"purchasable","13":"product-type-simple"},"ct_brands":[],"_links":{"self":[{"href":"https:\/\/www.nordi.ee\/en\/wp-json\/wp\/v2\/product\/45548","targetHints":{"allow":["GET"]}}],"collection":[{"href":"https:\/\/www.nordi.ee\/en\/wp-json\/wp\/v2\/product"}],"about":[{"href":"https:\/\/www.nordi.ee\/en\/wp-json\/wp\/v2\/types\/product"}],"replies":[{"embeddable":true,"href":"https:\/\/www.nordi.ee\/en\/wp-json\/wp\/v2\/comments?post=45548"}],"wp:featuredmedia":[{"embeddable":true,"href":"https:\/\/www.nordi.ee\/en\/wp-json\/wp\/v2\/media\/45549"}],"wp:attachment":[{"href":"https:\/\/www.nordi.ee\/en\/wp-json\/wp\/v2\/media?parent=45548"}],"wp:term":[{"taxonomy":"product_brand","embeddable":true,"href":"https:\/\/www.nordi.ee\/en\/wp-json\/wp\/v2\/product_brand?post=45548"},{"taxonomy":"product_cat","embeddable":true,"href":"https:\/\/www.nordi.ee\/en\/wp-json\/wp\/v2\/product_cat?post=45548"},{"taxonomy":"product_tag","embeddable":true,"href":"https:\/\/www.nordi.ee\/en\/wp-json\/wp\/v2\/product_tag?post=45548"}],"curies":[{"name":"wp","href":"https:\/\/api.w.org\/{rel}","templated":true}]}}