{"id":45546,"date":"2026-04-01T05:03:35","date_gmt":"2026-04-01T02:03:35","guid":{"rendered":"https:\/\/www.nordi.ee\/toode\/dora-puff-varv-must\/"},"modified":"2026-04-29T10:30:51","modified_gmt":"2026-04-29T07:30:51","slug":"dora-puff-varv-must","status":"publish","type":"product","link":"https:\/\/www.nordi.ee\/en\/toode\/dora-puff-varv-must\/","title":{"rendered":"DORA puff v\u00e4rv: must"},"content":{"rendered":"<p>m\u00f5\u00f5tmed: diameeter &#8211; 42\/42 cm, materjal: kroomteras \/ \u00f6ko nahk, v\u00e4rv: tumepruun<\/p>\n","protected":false},"excerpt":{"rendered":"<p>m\u00f5\u00f5tmed: diameeter &#8211; 42\/42 cm, materjal: kroomteras \/ \u00f6ko nahk, v\u00e4rv: tumepruun<\/p>\n","protected":false},"featured_media":45547,"comment_status":"closed","ping_status":"open","template":"","meta":{"_gspb_post_css":""},"product_brand":[],"product_cat":[215],"product_tag":[],"class_list":{"0":"post-45546","1":"product","2":"type-product","3":"status-publish","4":"has-post-thumbnail","6":"product_cat-pehme-moobel","7":"pa_vahelaos-ei","9":"first","10":"instock","11":"purchasable","12":"product-type-simple"},"ct_brands":[],"_links":{"self":[{"href":"https:\/\/www.nordi.ee\/en\/wp-json\/wp\/v2\/product\/45546","targetHints":{"allow":["GET"]}}],"collection":[{"href":"https:\/\/www.nordi.ee\/en\/wp-json\/wp\/v2\/product"}],"about":[{"href":"https:\/\/www.nordi.ee\/en\/wp-json\/wp\/v2\/types\/product"}],"replies":[{"embeddable":true,"href":"https:\/\/www.nordi.ee\/en\/wp-json\/wp\/v2\/comments?post=45546"}],"wp:featuredmedia":[{"embeddable":true,"href":"https:\/\/www.nordi.ee\/en\/wp-json\/wp\/v2\/media\/45547"}],"wp:attachment":[{"href":"https:\/\/www.nordi.ee\/en\/wp-json\/wp\/v2\/media?parent=45546"}],"wp:term":[{"taxonomy":"product_brand","embeddable":true,"href":"https:\/\/www.nordi.ee\/en\/wp-json\/wp\/v2\/product_brand?post=45546"},{"taxonomy":"product_cat","embeddable":true,"href":"https:\/\/www.nordi.ee\/en\/wp-json\/wp\/v2\/product_cat?post=45546"},{"taxonomy":"product_tag","embeddable":true,"href":"https:\/\/www.nordi.ee\/en\/wp-json\/wp\/v2\/product_tag?post=45546"}],"curies":[{"name":"wp","href":"https:\/\/api.w.org\/{rel}","templated":true}]}}