{"id":45512,"date":"2026-03-17T05:31:24","date_gmt":"2026-03-17T03:31:24","guid":{"rendered":"https:\/\/www.nordi.ee\/toode\/vento-dp-60-214-esipaneelid-varv-valge-korglaikega\/"},"modified":"2026-04-29T10:56:34","modified_gmt":"2026-04-29T07:56:34","slug":"vento-dp-60-214-esipaneelid-varv-valge-korglaikega","status":"publish","type":"product","link":"https:\/\/www.nordi.ee\/en\/toode\/vento-dp-60-214-esipaneelid-varv-valge-korglaikega\/","title":{"rendered":"VENTO DP-60\/214 esipaneelid, v\u00e4rv: valge k\u00f5rgl\u00e4ikega"},"content":{"rendered":"<p>VENTO esik\u00fclgeded DP-60\/214 jaoks, m\u00f5\u00f5tmed: 35,5\/59,6 &#038; 71,3\/59, cm, materjal: laminaat MDF, v\u00e4rv: valge k\u00f5rgl\u00e4ikega.<\/p>\n","protected":false},"excerpt":{"rendered":"<p>VENTO esik\u00fclgeded DP-60\/214 jaoks, m\u00f5\u00f5tmed: 35,5\/59,6 &#038; 71,3\/59, cm, materjal: laminaat MDF, v\u00e4rv: valge k\u00f5rgl\u00e4ikega.<\/p>\n","protected":false},"featured_media":0,"comment_status":"closed","ping_status":"open","template":"","meta":{"_gspb_post_css":""},"product_brand":[],"product_cat":[4321],"product_tag":[],"class_list":{"0":"post-45512","1":"product","2":"type-product","3":"status-publish","5":"product_cat-kitchens","6":"pa_vahelaos-ei","8":"first","9":"instock","10":"purchasable","11":"product-type-simple"},"ct_brands":[],"_links":{"self":[{"href":"https:\/\/www.nordi.ee\/en\/wp-json\/wp\/v2\/product\/45512","targetHints":{"allow":["GET"]}}],"collection":[{"href":"https:\/\/www.nordi.ee\/en\/wp-json\/wp\/v2\/product"}],"about":[{"href":"https:\/\/www.nordi.ee\/en\/wp-json\/wp\/v2\/types\/product"}],"replies":[{"embeddable":true,"href":"https:\/\/www.nordi.ee\/en\/wp-json\/wp\/v2\/comments?post=45512"}],"wp:attachment":[{"href":"https:\/\/www.nordi.ee\/en\/wp-json\/wp\/v2\/media?parent=45512"}],"wp:term":[{"taxonomy":"product_brand","embeddable":true,"href":"https:\/\/www.nordi.ee\/en\/wp-json\/wp\/v2\/product_brand?post=45512"},{"taxonomy":"product_cat","embeddable":true,"href":"https:\/\/www.nordi.ee\/en\/wp-json\/wp\/v2\/product_cat?post=45512"},{"taxonomy":"product_tag","embeddable":true,"href":"https:\/\/www.nordi.ee\/en\/wp-json\/wp\/v2\/product_tag?post=45512"}],"curies":[{"name":"wp","href":"https:\/\/api.w.org\/{rel}","templated":true}]}}