{"id":45453,"date":"2026-03-05T05:12:15","date_gmt":"2026-03-05T03:12:15","guid":{"rendered":"https:\/\/www.nordi.ee\/toode\/nicosia-c-laud-beige-marmor-pahklipuu\/"},"modified":"2026-04-29T10:42:38","modified_gmt":"2026-04-29T07:42:38","slug":"nicosia-c-laud-beige-marmor-pahklipuu","status":"publish","type":"product","link":"https:\/\/www.nordi.ee\/en\/toode\/nicosia-c-laud-beige-marmor-pahklipuu\/","title":{"rendered":"NICOSIA c.laud beige marmor \/ p\u00e4hklipuu"},"content":{"rendered":"<p>m\u00f5\u00f5tmed: 121\/61\/45 cm, materjal: sintered stone \/ laminaat MDF, v\u00e4rv: bee\u017ei marmor \/ hele p\u00e4hkel<\/p>\n","protected":false},"excerpt":{"rendered":"<p>m\u00f5\u00f5tmed: 121\/61\/45 cm, materjal: sintered stone \/ laminaat MDF, v\u00e4rv: bee\u017ei marmor \/ hele p\u00e4hkel<\/p>\n","protected":false},"featured_media":45454,"comment_status":"closed","ping_status":"open","template":"","meta":{"_gspb_post_css":""},"product_brand":[],"product_cat":[178,165],"product_tag":[],"class_list":{"0":"post-45453","1":"product","2":"type-product","3":"status-publish","4":"has-post-thumbnail","6":"product_cat-diivanilauad","7":"product_cat-elutuba","8":"pa_vahelaos-ei","10":"first","11":"instock","12":"purchasable","13":"product-type-simple"},"ct_brands":[],"_links":{"self":[{"href":"https:\/\/www.nordi.ee\/en\/wp-json\/wp\/v2\/product\/45453","targetHints":{"allow":["GET"]}}],"collection":[{"href":"https:\/\/www.nordi.ee\/en\/wp-json\/wp\/v2\/product"}],"about":[{"href":"https:\/\/www.nordi.ee\/en\/wp-json\/wp\/v2\/types\/product"}],"replies":[{"embeddable":true,"href":"https:\/\/www.nordi.ee\/en\/wp-json\/wp\/v2\/comments?post=45453"}],"wp:featuredmedia":[{"embeddable":true,"href":"https:\/\/www.nordi.ee\/en\/wp-json\/wp\/v2\/media\/45454"}],"wp:attachment":[{"href":"https:\/\/www.nordi.ee\/en\/wp-json\/wp\/v2\/media?parent=45453"}],"wp:term":[{"taxonomy":"product_brand","embeddable":true,"href":"https:\/\/www.nordi.ee\/en\/wp-json\/wp\/v2\/product_brand?post=45453"},{"taxonomy":"product_cat","embeddable":true,"href":"https:\/\/www.nordi.ee\/en\/wp-json\/wp\/v2\/product_cat?post=45453"},{"taxonomy":"product_tag","embeddable":true,"href":"https:\/\/www.nordi.ee\/en\/wp-json\/wp\/v2\/product_tag?post=45453"}],"curies":[{"name":"wp","href":"https:\/\/api.w.org\/{rel}","templated":true}]}}