{"id":45449,"date":"2026-03-05T05:11:20","date_gmt":"2026-03-05T03:11:20","guid":{"rendered":"https:\/\/www.nordi.ee\/toode\/mambo-s-c-table-travertiin-pahklipuit\/"},"modified":"2026-04-29T10:41:26","modified_gmt":"2026-04-29T07:41:26","slug":"mambo-s-c-table-travertiin-pahklipuit","status":"publish","type":"product","link":"https:\/\/www.nordi.ee\/en\/toode\/mambo-s-c-table-travertiin-pahklipuit\/","title":{"rendered":"MAMBO S c.table travertiin \/ p\u00e4hklipuit"},"content":{"rendered":"<p>m\u00f5\u00f5dud: 50\/51 cm, materjal: laminaat MDF, v\u00e4rv: travertiin \/ p\u00e4hkel<\/p>\n","protected":false},"excerpt":{"rendered":"<p>m\u00f5\u00f5dud: 50\/51 cm, materjal: laminaat MDF, v\u00e4rv: travertiin \/ p\u00e4hkel<\/p>\n","protected":false},"featured_media":45450,"comment_status":"closed","ping_status":"open","template":"","meta":{"_gspb_post_css":""},"product_brand":[],"product_cat":[178,165],"product_tag":[],"class_list":{"0":"post-45449","1":"product","2":"type-product","3":"status-publish","4":"has-post-thumbnail","6":"product_cat-diivanilauad","7":"product_cat-elutuba","8":"pa_vahelaos-ei","10":"first","11":"instock","12":"purchasable","13":"product-type-simple"},"ct_brands":[],"_links":{"self":[{"href":"https:\/\/www.nordi.ee\/en\/wp-json\/wp\/v2\/product\/45449","targetHints":{"allow":["GET"]}}],"collection":[{"href":"https:\/\/www.nordi.ee\/en\/wp-json\/wp\/v2\/product"}],"about":[{"href":"https:\/\/www.nordi.ee\/en\/wp-json\/wp\/v2\/types\/product"}],"replies":[{"embeddable":true,"href":"https:\/\/www.nordi.ee\/en\/wp-json\/wp\/v2\/comments?post=45449"}],"wp:featuredmedia":[{"embeddable":true,"href":"https:\/\/www.nordi.ee\/en\/wp-json\/wp\/v2\/media\/45450"}],"wp:attachment":[{"href":"https:\/\/www.nordi.ee\/en\/wp-json\/wp\/v2\/media?parent=45449"}],"wp:term":[{"taxonomy":"product_brand","embeddable":true,"href":"https:\/\/www.nordi.ee\/en\/wp-json\/wp\/v2\/product_brand?post=45449"},{"taxonomy":"product_cat","embeddable":true,"href":"https:\/\/www.nordi.ee\/en\/wp-json\/wp\/v2\/product_cat?post=45449"},{"taxonomy":"product_tag","embeddable":true,"href":"https:\/\/www.nordi.ee\/en\/wp-json\/wp\/v2\/product_tag?post=45449"}],"curies":[{"name":"wp","href":"https:\/\/api.w.org\/{rel}","templated":true}]}}