{"id":45427,"date":"2026-03-05T05:05:54","date_gmt":"2026-03-05T03:05:54","guid":{"rendered":"https:\/\/www.nordi.ee\/toode\/jason-pikendustabel-varv-pahklipuu-must\/"},"modified":"2026-04-29T10:34:28","modified_gmt":"2026-04-29T07:34:28","slug":"jason-pikendustabel-varv-pahklipuu-must","status":"publish","type":"product","link":"https:\/\/www.nordi.ee\/en\/toode\/jason-pikendustabel-varv-pahklipuu-must\/","title":{"rendered":"JASON pikendustabel, v\u00e4rv: p\u00e4hklipuu \/ must"},"content":{"rendered":"<p>m\u00f5\u00f5tmed: 180-300\/100\/74 cm, pikendatav laud, materjal: MDF + looduslik spoon \/ pulberv\u00e4rvitud teras, v\u00e4rv: plaat &#8211; p\u00e4hkel, jalad &#8211; must<\/p>\n","protected":false},"excerpt":{"rendered":"<p>m\u00f5\u00f5tmed: 180-300\/100\/74 cm, pikendatav laud, materjal: MDF + looduslik spoon \/ pulberv\u00e4rvitud teras, v\u00e4rv: plaat &#8211; p\u00e4hkel, jalad &#8211; must<\/p>\n","protected":false},"featured_media":45428,"comment_status":"closed","ping_status":"open","template":"","meta":{"_gspb_post_css":""},"product_brand":[],"product_cat":[190,167],"product_tag":[],"class_list":{"0":"post-45427","1":"product","2":"type-product","3":"status-publish","4":"has-post-thumbnail","6":"product_cat-soogilauad","7":"product_cat-soogituba","8":"pa_vahelaos-ei","10":"first","11":"instock","12":"purchasable","13":"product-type-simple"},"ct_brands":[],"_links":{"self":[{"href":"https:\/\/www.nordi.ee\/en\/wp-json\/wp\/v2\/product\/45427","targetHints":{"allow":["GET"]}}],"collection":[{"href":"https:\/\/www.nordi.ee\/en\/wp-json\/wp\/v2\/product"}],"about":[{"href":"https:\/\/www.nordi.ee\/en\/wp-json\/wp\/v2\/types\/product"}],"replies":[{"embeddable":true,"href":"https:\/\/www.nordi.ee\/en\/wp-json\/wp\/v2\/comments?post=45427"}],"wp:featuredmedia":[{"embeddable":true,"href":"https:\/\/www.nordi.ee\/en\/wp-json\/wp\/v2\/media\/45428"}],"wp:attachment":[{"href":"https:\/\/www.nordi.ee\/en\/wp-json\/wp\/v2\/media?parent=45427"}],"wp:term":[{"taxonomy":"product_brand","embeddable":true,"href":"https:\/\/www.nordi.ee\/en\/wp-json\/wp\/v2\/product_brand?post=45427"},{"taxonomy":"product_cat","embeddable":true,"href":"https:\/\/www.nordi.ee\/en\/wp-json\/wp\/v2\/product_cat?post=45427"},{"taxonomy":"product_tag","embeddable":true,"href":"https:\/\/www.nordi.ee\/en\/wp-json\/wp\/v2\/product_tag?post=45427"}],"curies":[{"name":"wp","href":"https:\/\/api.w.org\/{rel}","templated":true}]}}