{"id":45423,"date":"2026-03-05T05:04:35","date_gmt":"2026-03-05T03:04:35","guid":{"rendered":"https:\/\/www.nordi.ee\/toode\/giorgio-l-tool-beez\/"},"modified":"2026-04-29T10:32:38","modified_gmt":"2026-04-29T07:32:38","slug":"giorgio-l-tool-beez","status":"publish","type":"product","link":"https:\/\/www.nordi.ee\/en\/toode\/giorgio-l-tool-beez\/","title":{"rendered":"GIORGIO l.tool, bee\u017e"},"content":{"rendered":"<p>m\u00f5\u00f5tmed: 65\/108\/100\/55 cm, p\u00f6\u00f6rdumisfunktsioon \/ kiigefunktsioon, materjal: kangas CREMONA \/ pulberkattega teras \/ massiivne puit, v\u00e4rv: bee\u017e #14<\/p>\n","protected":false},"excerpt":{"rendered":"<p>m\u00f5\u00f5tmed: 65\/108\/100\/55 cm, p\u00f6\u00f6rdumisfunktsioon \/ kiigefunktsioon, materjal: kangas CREMONA \/ pulberkattega teras \/ massiivne puit, v\u00e4rv: bee\u017e #14<\/p>\n","protected":false},"featured_media":45424,"comment_status":"closed","ping_status":"open","template":"","meta":{"_gspb_post_css":""},"product_brand":[],"product_cat":[215],"product_tag":[],"class_list":{"0":"post-45423","1":"product","2":"type-product","3":"status-publish","4":"has-post-thumbnail","6":"product_cat-pehme-moobel","7":"pa_vahelaos-ei","9":"first","10":"instock","11":"purchasable","12":"product-type-simple"},"ct_brands":[],"_links":{"self":[{"href":"https:\/\/www.nordi.ee\/en\/wp-json\/wp\/v2\/product\/45423","targetHints":{"allow":["GET"]}}],"collection":[{"href":"https:\/\/www.nordi.ee\/en\/wp-json\/wp\/v2\/product"}],"about":[{"href":"https:\/\/www.nordi.ee\/en\/wp-json\/wp\/v2\/types\/product"}],"replies":[{"embeddable":true,"href":"https:\/\/www.nordi.ee\/en\/wp-json\/wp\/v2\/comments?post=45423"}],"wp:featuredmedia":[{"embeddable":true,"href":"https:\/\/www.nordi.ee\/en\/wp-json\/wp\/v2\/media\/45424"}],"wp:attachment":[{"href":"https:\/\/www.nordi.ee\/en\/wp-json\/wp\/v2\/media?parent=45423"}],"wp:term":[{"taxonomy":"product_brand","embeddable":true,"href":"https:\/\/www.nordi.ee\/en\/wp-json\/wp\/v2\/product_brand?post=45423"},{"taxonomy":"product_cat","embeddable":true,"href":"https:\/\/www.nordi.ee\/en\/wp-json\/wp\/v2\/product_cat?post=45423"},{"taxonomy":"product_tag","embeddable":true,"href":"https:\/\/www.nordi.ee\/en\/wp-json\/wp\/v2\/product_tag?post=45423"}],"curies":[{"name":"wp","href":"https:\/\/api.w.org\/{rel}","templated":true}]}}