{"id":45394,"date":"2026-03-04T05:34:36","date_gmt":"2026-03-04T03:34:36","guid":{"rendered":"https:\/\/www.nordi.ee\/toode\/grenada-240-koogikomplekt-pahklipuu-pahklipuu-franklin-taupe\/"},"modified":"2026-04-29T10:54:39","modified_gmt":"2026-04-29T07:54:39","slug":"grenada-240-koogikomplekt-pahklipuu-pahklipuu-franklin-taupe","status":"publish","type":"product","link":"https:\/\/www.nordi.ee\/en\/toode\/grenada-240-koogikomplekt-pahklipuu-pahklipuu-franklin-taupe\/","title":{"rendered":"GRENADA 240 k\u00f6\u00f6gikomplekt, p\u00e4hklipuu, p\u00e4hklipuu franklin\/taupe"},"content":{"rendered":"<p>komplekti pikkus 240, gaasivarrastused, k\u00f5rged \u00fclemised kapid, t\u00f6\u00f6pinna paksus 28 mm, v\u00e4rvid: esipaneelid &#8211; p\u00e4hkel\/taup, kere &#8211; p\u00e4hkel franklin, t\u00f6\u00f6pind &#8211; must marmor<\/p>\n","protected":false},"excerpt":{"rendered":"<p>komplekti pikkus 240, gaasivarrastused, k\u00f5rged \u00fclemised kapid, t\u00f6\u00f6pinna paksus 28 mm, v\u00e4rvid: esipaneelid &#8211; p\u00e4hkel\/taup, kere &#8211; p\u00e4hkel franklin, t\u00f6\u00f6pind &#8211; must marmor<\/p>\n","protected":false},"featured_media":45395,"comment_status":"closed","ping_status":"open","template":"","meta":{"_gspb_post_css":""},"product_brand":[],"product_cat":[4321],"product_tag":[],"class_list":{"0":"post-45394","1":"product","2":"type-product","3":"status-publish","4":"has-post-thumbnail","6":"product_cat-kitchens","7":"pa_vahelaos-ei","9":"first","10":"instock","11":"purchasable","12":"product-type-simple"},"ct_brands":[],"_links":{"self":[{"href":"https:\/\/www.nordi.ee\/en\/wp-json\/wp\/v2\/product\/45394","targetHints":{"allow":["GET"]}}],"collection":[{"href":"https:\/\/www.nordi.ee\/en\/wp-json\/wp\/v2\/product"}],"about":[{"href":"https:\/\/www.nordi.ee\/en\/wp-json\/wp\/v2\/types\/product"}],"replies":[{"embeddable":true,"href":"https:\/\/www.nordi.ee\/en\/wp-json\/wp\/v2\/comments?post=45394"}],"wp:featuredmedia":[{"embeddable":true,"href":"https:\/\/www.nordi.ee\/en\/wp-json\/wp\/v2\/media\/45395"}],"wp:attachment":[{"href":"https:\/\/www.nordi.ee\/en\/wp-json\/wp\/v2\/media?parent=45394"}],"wp:term":[{"taxonomy":"product_brand","embeddable":true,"href":"https:\/\/www.nordi.ee\/en\/wp-json\/wp\/v2\/product_brand?post=45394"},{"taxonomy":"product_cat","embeddable":true,"href":"https:\/\/www.nordi.ee\/en\/wp-json\/wp\/v2\/product_cat?post=45394"},{"taxonomy":"product_tag","embeddable":true,"href":"https:\/\/www.nordi.ee\/en\/wp-json\/wp\/v2\/product_tag?post=45394"}],"curies":[{"name":"wp","href":"https:\/\/api.w.org\/{rel}","templated":true}]}}