{"id":45390,"date":"2026-03-04T05:34:27","date_gmt":"2026-03-04T03:34:27","guid":{"rendered":"https:\/\/www.nordi.ee\/toode\/formo-k7-korpus-modulaarse-kapi-susteemi-jaoks-kasitsi-valmistatud-tamm\/"},"modified":"2026-04-29T10:54:37","modified_gmt":"2026-04-29T07:54:37","slug":"formo-k7-korpus-modulaarse-kapi-susteemi-jaoks-kasitsi-valmistatud-tamm","status":"publish","type":"product","link":"https:\/\/www.nordi.ee\/en\/toode\/formo-k7-korpus-modulaarse-kapi-susteemi-jaoks-kasitsi-valmistatud-tamm\/","title":{"rendered":"FORMO &#8211; K7 korpus MODULAARSE KAPI S\u00dcSTEEMI jaoks &#8211; k\u00e4sitsi valmistatud tamm"},"content":{"rendered":"<p>keha K8 MODULAARNE KAPIS\u00dcSTEEM FORMO jaoks, 91\/91\/238 cm, materjal: laminaatpuitlaastplaat, v\u00e4rv: kunstniku tamm<\/p>\n","protected":false},"excerpt":{"rendered":"<p>keha K8 MODULAARNE KAPIS\u00dcSTEEM FORMO jaoks, 91\/91\/238 cm, materjal: laminaatpuitlaastplaat, v\u00e4rv: kunstniku tamm<\/p>\n","protected":false},"featured_media":45391,"comment_status":"closed","ping_status":"open","template":"","meta":{"_gspb_post_css":""},"product_brand":[],"product_cat":[4067],"product_tag":[],"class_list":{"0":"post-45390","1":"product","2":"type-product","3":"status-publish","4":"has-post-thumbnail","6":"product_cat-kummutid","7":"pa_vahelaos-ei","9":"first","10":"instock","11":"purchasable","12":"product-type-simple"},"ct_brands":[],"_links":{"self":[{"href":"https:\/\/www.nordi.ee\/en\/wp-json\/wp\/v2\/product\/45390","targetHints":{"allow":["GET"]}}],"collection":[{"href":"https:\/\/www.nordi.ee\/en\/wp-json\/wp\/v2\/product"}],"about":[{"href":"https:\/\/www.nordi.ee\/en\/wp-json\/wp\/v2\/types\/product"}],"replies":[{"embeddable":true,"href":"https:\/\/www.nordi.ee\/en\/wp-json\/wp\/v2\/comments?post=45390"}],"wp:featuredmedia":[{"embeddable":true,"href":"https:\/\/www.nordi.ee\/en\/wp-json\/wp\/v2\/media\/45391"}],"wp:attachment":[{"href":"https:\/\/www.nordi.ee\/en\/wp-json\/wp\/v2\/media?parent=45390"}],"wp:term":[{"taxonomy":"product_brand","embeddable":true,"href":"https:\/\/www.nordi.ee\/en\/wp-json\/wp\/v2\/product_brand?post=45390"},{"taxonomy":"product_cat","embeddable":true,"href":"https:\/\/www.nordi.ee\/en\/wp-json\/wp\/v2\/product_cat?post=45390"},{"taxonomy":"product_tag","embeddable":true,"href":"https:\/\/www.nordi.ee\/en\/wp-json\/wp\/v2\/product_tag?post=45390"}],"curies":[{"name":"wp","href":"https:\/\/api.w.org\/{rel}","templated":true}]}}