{"id":45386,"date":"2026-03-04T05:33:59","date_gmt":"2026-03-04T03:33:59","guid":{"rendered":"https:\/\/www.nordi.ee\/toode\/corona-180-koogikomplekt-valge\/"},"modified":"2026-04-29T10:54:18","modified_gmt":"2026-04-29T07:54:18","slug":"corona-180-koogikomplekt-valge","status":"publish","type":"product","link":"https:\/\/www.nordi.ee\/en\/toode\/corona-180-koogikomplekt-valge\/","title":{"rendered":"CORONA 180 k\u00f6\u00f6gikomplekt, valge"},"content":{"rendered":"<p>komplekti pikkus 180, gaasit\u00f5stikud, t\u00f6\u00f6pinna paksus 28 mm, v\u00e4rvid: esipaneelid &#8211; valge, korpus &#8211; valge, t\u00f6\u00f6pind &#8211; valge<\/p>\n","protected":false},"excerpt":{"rendered":"<p>komplekti pikkus 180, gaasit\u00f5stikud, t\u00f6\u00f6pinna paksus 28 mm, v\u00e4rvid: esipaneelid &#8211; valge, korpus &#8211; valge, t\u00f6\u00f6pind &#8211; valge<\/p>\n","protected":false},"featured_media":45387,"comment_status":"closed","ping_status":"open","template":"","meta":{"_gspb_post_css":""},"product_brand":[],"product_cat":[4321],"product_tag":[],"class_list":{"0":"post-45386","1":"product","2":"type-product","3":"status-publish","4":"has-post-thumbnail","6":"product_cat-kitchens","7":"pa_vahelaos-ei","9":"first","10":"instock","11":"purchasable","12":"product-type-simple"},"ct_brands":[],"_links":{"self":[{"href":"https:\/\/www.nordi.ee\/en\/wp-json\/wp\/v2\/product\/45386","targetHints":{"allow":["GET"]}}],"collection":[{"href":"https:\/\/www.nordi.ee\/en\/wp-json\/wp\/v2\/product"}],"about":[{"href":"https:\/\/www.nordi.ee\/en\/wp-json\/wp\/v2\/types\/product"}],"replies":[{"embeddable":true,"href":"https:\/\/www.nordi.ee\/en\/wp-json\/wp\/v2\/comments?post=45386"}],"wp:featuredmedia":[{"embeddable":true,"href":"https:\/\/www.nordi.ee\/en\/wp-json\/wp\/v2\/media\/45387"}],"wp:attachment":[{"href":"https:\/\/www.nordi.ee\/en\/wp-json\/wp\/v2\/media?parent=45386"}],"wp:term":[{"taxonomy":"product_brand","embeddable":true,"href":"https:\/\/www.nordi.ee\/en\/wp-json\/wp\/v2\/product_brand?post=45386"},{"taxonomy":"product_cat","embeddable":true,"href":"https:\/\/www.nordi.ee\/en\/wp-json\/wp\/v2\/product_cat?post=45386"},{"taxonomy":"product_tag","embeddable":true,"href":"https:\/\/www.nordi.ee\/en\/wp-json\/wp\/v2\/product_tag?post=45386"}],"curies":[{"name":"wp","href":"https:\/\/api.w.org\/{rel}","templated":true}]}}