{"id":45384,"date":"2026-03-04T05:33:45","date_gmt":"2026-03-04T03:33:45","guid":{"rendered":"https:\/\/www.nordi.ee\/toode\/barcelona-240-koogikomplekt-kasmiir-sonoma-tamm\/"},"modified":"2026-04-29T10:54:12","modified_gmt":"2026-04-29T07:54:12","slug":"barcelona-240-koogikomplekt-kasmiir-sonoma-tamm","status":"publish","type":"product","link":"https:\/\/www.nordi.ee\/en\/toode\/barcelona-240-koogikomplekt-kasmiir-sonoma-tamm\/","title":{"rendered":"BARCELONA 240 k\u00f6\u00f6gikomplekt, ka\u0161miir, sonoma tamm"},"content":{"rendered":"<p>komplekti pikkus 240, gaasiballastused, k\u00f5rged \u00fclemised kapid, t\u00f6\u00f6plaadi paksus 28 mm, v\u00e4rvid: esik\u00fcljed &#8211; ka\u0161miir, korpus &#8211; ka\u0161miir, t\u00f6\u00f6pind &#8211; sonoma tamm<\/p>\n","protected":false},"excerpt":{"rendered":"<p>komplekti pikkus 240, gaasiballastused, k\u00f5rged \u00fclemised kapid, t\u00f6\u00f6plaadi paksus 28 mm, v\u00e4rvid: esik\u00fcljed &#8211; ka\u0161miir, korpus &#8211; ka\u0161miir, t\u00f6\u00f6pind &#8211; sonoma tamm<\/p>\n","protected":false},"featured_media":45385,"comment_status":"closed","ping_status":"open","template":"","meta":{"_gspb_post_css":""},"product_brand":[],"product_cat":[4321],"product_tag":[],"class_list":{"0":"post-45384","1":"product","2":"type-product","3":"status-publish","4":"has-post-thumbnail","6":"product_cat-kitchens","7":"pa_vahelaos-ei","9":"first","10":"instock","11":"purchasable","12":"product-type-simple"},"ct_brands":[],"_links":{"self":[{"href":"https:\/\/www.nordi.ee\/en\/wp-json\/wp\/v2\/product\/45384","targetHints":{"allow":["GET"]}}],"collection":[{"href":"https:\/\/www.nordi.ee\/en\/wp-json\/wp\/v2\/product"}],"about":[{"href":"https:\/\/www.nordi.ee\/en\/wp-json\/wp\/v2\/types\/product"}],"replies":[{"embeddable":true,"href":"https:\/\/www.nordi.ee\/en\/wp-json\/wp\/v2\/comments?post=45384"}],"wp:featuredmedia":[{"embeddable":true,"href":"https:\/\/www.nordi.ee\/en\/wp-json\/wp\/v2\/media\/45385"}],"wp:attachment":[{"href":"https:\/\/www.nordi.ee\/en\/wp-json\/wp\/v2\/media?parent=45384"}],"wp:term":[{"taxonomy":"product_brand","embeddable":true,"href":"https:\/\/www.nordi.ee\/en\/wp-json\/wp\/v2\/product_brand?post=45384"},{"taxonomy":"product_cat","embeddable":true,"href":"https:\/\/www.nordi.ee\/en\/wp-json\/wp\/v2\/product_cat?post=45384"},{"taxonomy":"product_tag","embeddable":true,"href":"https:\/\/www.nordi.ee\/en\/wp-json\/wp\/v2\/product_tag?post=45384"}],"curies":[{"name":"wp","href":"https:\/\/api.w.org\/{rel}","templated":true}]}}