{"id":45376,"date":"2026-03-04T05:33:28","date_gmt":"2026-03-04T03:33:28","guid":{"rendered":"https:\/\/www.nordi.ee\/toode\/alicante-240-koogikomplekt-beez-cremona-tammes\/"},"modified":"2026-04-29T10:54:10","modified_gmt":"2026-04-29T07:54:10","slug":"alicante-240-koogikomplekt-beez-cremona-tammes","status":"publish","type":"product","link":"https:\/\/www.nordi.ee\/en\/toode\/alicante-240-koogikomplekt-beez-cremona-tammes\/","title":{"rendered":"ALICANTE 240 k\u00f6\u00f6gikomplekt, bee\u017e, cremona tammes"},"content":{"rendered":"<p>komplekti pikkus 240, gaasit\u00f5stikud, \u00fclemiste ja alumiste kapide reguleerimine, k\u00f5rged \u00fclemised kapid, alumiiniumraamid, klaas, t\u00f6\u00f6pinna paksus 28 mm<br \/>\nv\u00e4rvid: esipaneelid &#8211; bee\u017e, korpus &#8211; kreemona tammes, t\u00f6\u00f6pind &#8211; kreemona tammes<\/p>\n","protected":false},"excerpt":{"rendered":"<p>komplekti pikkus 240, gaasit\u00f5stikud, \u00fclemiste ja alumiste kapide reguleerimine, k\u00f5rged \u00fclemised kapid, alumiiniumraamid, klaas, t\u00f6\u00f6pinna paksus 28 mm v\u00e4rvid: esipaneelid &#8211; bee\u017e, korpus &#8211; kreemona tammes, t\u00f6\u00f6pind &#8211; kreemona tammes<\/p>\n","protected":false},"featured_media":45377,"comment_status":"closed","ping_status":"open","template":"","meta":{"_gspb_post_css":""},"product_brand":[],"product_cat":[4321],"product_tag":[],"class_list":{"0":"post-45376","1":"product","2":"type-product","3":"status-publish","4":"has-post-thumbnail","6":"product_cat-kitchens","7":"pa_vahelaos-ei","9":"first","10":"instock","11":"purchasable","12":"product-type-simple"},"ct_brands":[],"_links":{"self":[{"href":"https:\/\/www.nordi.ee\/en\/wp-json\/wp\/v2\/product\/45376","targetHints":{"allow":["GET"]}}],"collection":[{"href":"https:\/\/www.nordi.ee\/en\/wp-json\/wp\/v2\/product"}],"about":[{"href":"https:\/\/www.nordi.ee\/en\/wp-json\/wp\/v2\/types\/product"}],"replies":[{"embeddable":true,"href":"https:\/\/www.nordi.ee\/en\/wp-json\/wp\/v2\/comments?post=45376"}],"wp:featuredmedia":[{"embeddable":true,"href":"https:\/\/www.nordi.ee\/en\/wp-json\/wp\/v2\/media\/45377"}],"wp:attachment":[{"href":"https:\/\/www.nordi.ee\/en\/wp-json\/wp\/v2\/media?parent=45376"}],"wp:term":[{"taxonomy":"product_brand","embeddable":true,"href":"https:\/\/www.nordi.ee\/en\/wp-json\/wp\/v2\/product_brand?post=45376"},{"taxonomy":"product_cat","embeddable":true,"href":"https:\/\/www.nordi.ee\/en\/wp-json\/wp\/v2\/product_cat?post=45376"},{"taxonomy":"product_tag","embeddable":true,"href":"https:\/\/www.nordi.ee\/en\/wp-json\/wp\/v2\/product_tag?post=45376"}],"curies":[{"name":"wp","href":"https:\/\/api.w.org\/{rel}","templated":true}]}}