{"id":45372,"date":"2026-03-04T05:22:52","date_gmt":"2026-03-04T03:22:52","guid":{"rendered":"https:\/\/www.nordi.ee\/toode\/udon-vabaaja-tool-kaputsiin-pahkel\/"},"modified":"2026-04-29T10:46:08","modified_gmt":"2026-04-29T07:46:08","slug":"udon-vabaaja-tool-kaputsiin-pahkel","status":"publish","type":"product","link":"https:\/\/www.nordi.ee\/en\/toode\/udon-vabaaja-tool-kaputsiin-pahkel\/","title":{"rendered":"UDON vabaaja tool, kaputsiin \/ p\u00e4hkel"},"content":{"rendered":"<p>m\u00f5\u00f5tmed: 80\/72\/74\/43 cm, materjal: kangas MONTE \/ v\u00e4rvitud teras, v\u00e4rv: kaputsiin #11 \/ p\u00e4hkel<\/p>\n","protected":false},"excerpt":{"rendered":"<p>m\u00f5\u00f5tmed: 80\/72\/74\/43 cm, materjal: kangas MONTE \/ v\u00e4rvitud teras, v\u00e4rv: kaputsiin #11 \/ p\u00e4hkel<\/p>\n","protected":false},"featured_media":45373,"comment_status":"closed","ping_status":"open","template":"","meta":{"_gspb_post_css":""},"product_brand":[],"product_cat":[215],"product_tag":[],"class_list":{"0":"post-45372","1":"product","2":"type-product","3":"status-publish","4":"has-post-thumbnail","6":"product_cat-pehme-moobel","7":"pa_vahelaos-ei","9":"first","10":"instock","11":"purchasable","12":"product-type-simple"},"ct_brands":[],"_links":{"self":[{"href":"https:\/\/www.nordi.ee\/en\/wp-json\/wp\/v2\/product\/45372","targetHints":{"allow":["GET"]}}],"collection":[{"href":"https:\/\/www.nordi.ee\/en\/wp-json\/wp\/v2\/product"}],"about":[{"href":"https:\/\/www.nordi.ee\/en\/wp-json\/wp\/v2\/types\/product"}],"replies":[{"embeddable":true,"href":"https:\/\/www.nordi.ee\/en\/wp-json\/wp\/v2\/comments?post=45372"}],"wp:featuredmedia":[{"embeddable":true,"href":"https:\/\/www.nordi.ee\/en\/wp-json\/wp\/v2\/media\/45373"}],"wp:attachment":[{"href":"https:\/\/www.nordi.ee\/en\/wp-json\/wp\/v2\/media?parent=45372"}],"wp:term":[{"taxonomy":"product_brand","embeddable":true,"href":"https:\/\/www.nordi.ee\/en\/wp-json\/wp\/v2\/product_brand?post=45372"},{"taxonomy":"product_cat","embeddable":true,"href":"https:\/\/www.nordi.ee\/en\/wp-json\/wp\/v2\/product_cat?post=45372"},{"taxonomy":"product_tag","embeddable":true,"href":"https:\/\/www.nordi.ee\/en\/wp-json\/wp\/v2\/product_tag?post=45372"}],"curies":[{"name":"wp","href":"https:\/\/api.w.org\/{rel}","templated":true}]}}