{"id":45328,"date":"2026-03-04T05:00:23","date_gmt":"2026-03-04T03:00:23","guid":{"rendered":"https:\/\/www.nordi.ee\/toode\/abbot-ummargune-laud-hele-travertiin\/"},"modified":"2026-04-29T10:27:07","modified_gmt":"2026-04-29T07:27:07","slug":"abbot-ummargune-laud-hele-travertiin","status":"publish","type":"product","link":"https:\/\/www.nordi.ee\/en\/toode\/abbot-ummargune-laud-hele-travertiin\/","title":{"rendered":"ABBOT \u00fcmmargune laud, hele travertiin"},"content":{"rendered":"<p>m\u00f5\u00f5tmed: 120\/77 cm, materjal: laminaat MDF, v\u00e4rv: \u00fclaosa &#8211; hele travertiin, jalad &#8211; hele travertiin<\/p>\n","protected":false},"excerpt":{"rendered":"<p>m\u00f5\u00f5tmed: 120\/77 cm, materjal: laminaat MDF, v\u00e4rv: \u00fclaosa &#8211; hele travertiin, jalad &#8211; hele travertiin<\/p>\n","protected":false},"featured_media":45329,"comment_status":"closed","ping_status":"open","template":"","meta":{"_gspb_post_css":""},"product_brand":[],"product_cat":[190,167],"product_tag":[],"class_list":{"0":"post-45328","1":"product","2":"type-product","3":"status-publish","4":"has-post-thumbnail","6":"product_cat-soogilauad","7":"product_cat-soogituba","8":"pa_vahelaos-ei","10":"first","11":"instock","12":"purchasable","13":"product-type-simple"},"ct_brands":[],"_links":{"self":[{"href":"https:\/\/www.nordi.ee\/en\/wp-json\/wp\/v2\/product\/45328","targetHints":{"allow":["GET"]}}],"collection":[{"href":"https:\/\/www.nordi.ee\/en\/wp-json\/wp\/v2\/product"}],"about":[{"href":"https:\/\/www.nordi.ee\/en\/wp-json\/wp\/v2\/types\/product"}],"replies":[{"embeddable":true,"href":"https:\/\/www.nordi.ee\/en\/wp-json\/wp\/v2\/comments?post=45328"}],"wp:featuredmedia":[{"embeddable":true,"href":"https:\/\/www.nordi.ee\/en\/wp-json\/wp\/v2\/media\/45329"}],"wp:attachment":[{"href":"https:\/\/www.nordi.ee\/en\/wp-json\/wp\/v2\/media?parent=45328"}],"wp:term":[{"taxonomy":"product_brand","embeddable":true,"href":"https:\/\/www.nordi.ee\/en\/wp-json\/wp\/v2\/product_brand?post=45328"},{"taxonomy":"product_cat","embeddable":true,"href":"https:\/\/www.nordi.ee\/en\/wp-json\/wp\/v2\/product_cat?post=45328"},{"taxonomy":"product_tag","embeddable":true,"href":"https:\/\/www.nordi.ee\/en\/wp-json\/wp\/v2\/product_tag?post=45328"}],"curies":[{"name":"wp","href":"https:\/\/api.w.org\/{rel}","templated":true}]}}