{"id":45326,"date":"2026-03-03T05:40:09","date_gmt":"2026-03-03T03:40:09","guid":{"rendered":"https:\/\/www.nordi.ee\/toode\/vento-gv-40-72-karkass-ulemine-kapp-klaasiga-musta-varviga\/"},"modified":"2026-04-29T10:58:37","modified_gmt":"2026-04-29T07:58:37","slug":"vento-gv-40-72-karkass-ulemine-kapp-klaasiga-musta-varviga","status":"publish","type":"product","link":"https:\/\/www.nordi.ee\/en\/toode\/vento-gv-40-72-karkass-ulemine-kapp-klaasiga-musta-varviga\/","title":{"rendered":"VENTO GV-40\/72 karkass, \u00fclemine kapp klaasiga musta v\u00e4rviga"},"content":{"rendered":"<p>karkass, m\u00f5\u00f5tmed: 40\/72\/30 cm, materjal: laminaatpuitlaastplaat, v\u00e4rv: must<\/p>\n","protected":false},"excerpt":{"rendered":"<p>karkass, m\u00f5\u00f5tmed: 40\/72\/30 cm, materjal: laminaatpuitlaastplaat, v\u00e4rv: must<\/p>\n","protected":false},"featured_media":0,"comment_status":"closed","ping_status":"open","template":"","meta":{"_gspb_post_css":""},"product_brand":[],"product_cat":[4321],"product_tag":[],"class_list":{"0":"post-45326","1":"product","2":"type-product","3":"status-publish","5":"product_cat-kitchens","6":"pa_vahelaos-ei","8":"first","9":"instock","10":"purchasable","11":"product-type-simple"},"ct_brands":[],"_links":{"self":[{"href":"https:\/\/www.nordi.ee\/en\/wp-json\/wp\/v2\/product\/45326","targetHints":{"allow":["GET"]}}],"collection":[{"href":"https:\/\/www.nordi.ee\/en\/wp-json\/wp\/v2\/product"}],"about":[{"href":"https:\/\/www.nordi.ee\/en\/wp-json\/wp\/v2\/types\/product"}],"replies":[{"embeddable":true,"href":"https:\/\/www.nordi.ee\/en\/wp-json\/wp\/v2\/comments?post=45326"}],"wp:attachment":[{"href":"https:\/\/www.nordi.ee\/en\/wp-json\/wp\/v2\/media?parent=45326"}],"wp:term":[{"taxonomy":"product_brand","embeddable":true,"href":"https:\/\/www.nordi.ee\/en\/wp-json\/wp\/v2\/product_brand?post=45326"},{"taxonomy":"product_cat","embeddable":true,"href":"https:\/\/www.nordi.ee\/en\/wp-json\/wp\/v2\/product_cat?post=45326"},{"taxonomy":"product_tag","embeddable":true,"href":"https:\/\/www.nordi.ee\/en\/wp-json\/wp\/v2\/product_tag?post=45326"}],"curies":[{"name":"wp","href":"https:\/\/api.w.org\/{rel}","templated":true}]}}