{"id":45312,"date":"2026-03-03T05:39:32","date_gmt":"2026-03-03T03:39:32","guid":{"rendered":"https:\/\/www.nordi.ee\/toode\/vento-go-50-36-karkass-ulemine-kapoti-kapp-valge\/"},"modified":"2026-04-29T10:58:30","modified_gmt":"2026-04-29T07:58:30","slug":"vento-go-50-36-karkass-ulemine-kapoti-kapp-valge","status":"publish","type":"product","link":"https:\/\/www.nordi.ee\/en\/toode\/vento-go-50-36-karkass-ulemine-kapoti-kapp-valge\/","title":{"rendered":"VENTO GO-50\/36 karkass, \u00fclemine kapoti kapp valge"},"content":{"rendered":"<p>karkass, m\u00f5\u00f5tmed: 50\/36\/30 cm, materjal: laminaatplaat, v\u00e4rv: valge<\/p>\n","protected":false},"excerpt":{"rendered":"<p>karkass, m\u00f5\u00f5tmed: 50\/36\/30 cm, materjal: laminaatplaat, v\u00e4rv: valge<\/p>\n","protected":false},"featured_media":0,"comment_status":"closed","ping_status":"open","template":"","meta":{"_gspb_post_css":""},"product_brand":[],"product_cat":[4321],"product_tag":[],"class_list":{"0":"post-45312","1":"product","2":"type-product","3":"status-publish","5":"product_cat-kitchens","6":"pa_vahelaos-ei","8":"first","9":"instock","10":"purchasable","11":"product-type-simple"},"ct_brands":[],"_links":{"self":[{"href":"https:\/\/www.nordi.ee\/en\/wp-json\/wp\/v2\/product\/45312","targetHints":{"allow":["GET"]}}],"collection":[{"href":"https:\/\/www.nordi.ee\/en\/wp-json\/wp\/v2\/product"}],"about":[{"href":"https:\/\/www.nordi.ee\/en\/wp-json\/wp\/v2\/types\/product"}],"replies":[{"embeddable":true,"href":"https:\/\/www.nordi.ee\/en\/wp-json\/wp\/v2\/comments?post=45312"}],"wp:attachment":[{"href":"https:\/\/www.nordi.ee\/en\/wp-json\/wp\/v2\/media?parent=45312"}],"wp:term":[{"taxonomy":"product_brand","embeddable":true,"href":"https:\/\/www.nordi.ee\/en\/wp-json\/wp\/v2\/product_brand?post=45312"},{"taxonomy":"product_cat","embeddable":true,"href":"https:\/\/www.nordi.ee\/en\/wp-json\/wp\/v2\/product_cat?post=45312"},{"taxonomy":"product_tag","embeddable":true,"href":"https:\/\/www.nordi.ee\/en\/wp-json\/wp\/v2\/product_tag?post=45312"}],"curies":[{"name":"wp","href":"https:\/\/api.w.org\/{rel}","templated":true}]}}