{"id":45292,"date":"2026-03-03T05:38:35","date_gmt":"2026-03-03T03:38:35","guid":{"rendered":"https:\/\/www.nordi.ee\/toode\/vento-g-40-82-korpus-ulaosa-kapp-kasitoomand\/"},"modified":"2026-04-29T10:58:20","modified_gmt":"2026-04-29T07:58:20","slug":"vento-g-40-82-korpus-ulaosa-kapp-kasitoomand","status":"publish","type":"product","link":"https:\/\/www.nordi.ee\/en\/toode\/vento-g-40-82-korpus-ulaosa-kapp-kasitoomand\/","title":{"rendered":"VENTO G-40\/82 korpus, \u00fclaosa kapp k\u00e4sit\u00f6\u00f6m\u00e4nd"},"content":{"rendered":"<p>raam, m\u00f5\u00f5tmed: 40\/72\/30 cm, materjal: laminaatkiudplaadist, v\u00e4rv: k\u00e4sit\u00f6\u00f6 tammesilmus<\/p>\n","protected":false},"excerpt":{"rendered":"<p>raam, m\u00f5\u00f5tmed: 40\/72\/30 cm, materjal: laminaatkiudplaadist, v\u00e4rv: k\u00e4sit\u00f6\u00f6 tammesilmus<\/p>\n","protected":false},"featured_media":0,"comment_status":"closed","ping_status":"open","template":"","meta":{"_gspb_post_css":""},"product_brand":[],"product_cat":[4321],"product_tag":[],"class_list":{"0":"post-45292","1":"product","2":"type-product","3":"status-publish","5":"product_cat-kitchens","6":"pa_vahelaos-ei","8":"first","9":"instock","10":"purchasable","11":"product-type-simple"},"ct_brands":[],"_links":{"self":[{"href":"https:\/\/www.nordi.ee\/en\/wp-json\/wp\/v2\/product\/45292","targetHints":{"allow":["GET"]}}],"collection":[{"href":"https:\/\/www.nordi.ee\/en\/wp-json\/wp\/v2\/product"}],"about":[{"href":"https:\/\/www.nordi.ee\/en\/wp-json\/wp\/v2\/types\/product"}],"replies":[{"embeddable":true,"href":"https:\/\/www.nordi.ee\/en\/wp-json\/wp\/v2\/comments?post=45292"}],"wp:attachment":[{"href":"https:\/\/www.nordi.ee\/en\/wp-json\/wp\/v2\/media?parent=45292"}],"wp:term":[{"taxonomy":"product_brand","embeddable":true,"href":"https:\/\/www.nordi.ee\/en\/wp-json\/wp\/v2\/product_brand?post=45292"},{"taxonomy":"product_cat","embeddable":true,"href":"https:\/\/www.nordi.ee\/en\/wp-json\/wp\/v2\/product_cat?post=45292"},{"taxonomy":"product_tag","embeddable":true,"href":"https:\/\/www.nordi.ee\/en\/wp-json\/wp\/v2\/product_tag?post=45292"}],"curies":[{"name":"wp","href":"https:\/\/api.w.org\/{rel}","templated":true}]}}