{"id":45274,"date":"2026-03-03T05:37:36","date_gmt":"2026-03-03T03:37:36","guid":{"rendered":"https:\/\/www.nordi.ee\/toode\/vento-dl-60-214-korpus-korge-alumine-kapp-integreeritud-kulmiku-jaoks-kasitoo-tamm\/"},"modified":"2026-04-29T10:58:10","modified_gmt":"2026-04-29T07:58:10","slug":"vento-dl-60-214-korpus-korge-alumine-kapp-integreeritud-kulmiku-jaoks-kasitoo-tamm","status":"publish","type":"product","link":"https:\/\/www.nordi.ee\/en\/toode\/vento-dl-60-214-korpus-korge-alumine-kapp-integreeritud-kulmiku-jaoks-kasitoo-tamm\/","title":{"rendered":"VENTO DL-60\/214 korpus, k\u00f5rge alumine kapp integreeritud k\u00fclmiku jaoks, k\u00e4sit\u00f6\u00f6 tamm."},"content":{"rendered":"<p>korpus, k\u00f5rge alumine kapp integreeritud k\u00fclmikule, m\u00f5\u00f5tmed: 60\/214\/56 cm, materjal: laminaatkiudplaat, v\u00e4rv: k\u00e4sit\u00f6\u00f6 tamm<\/p>\n","protected":false},"excerpt":{"rendered":"<p>korpus, k\u00f5rge alumine kapp integreeritud k\u00fclmikule, m\u00f5\u00f5tmed: 60\/214\/56 cm, materjal: laminaatkiudplaat, v\u00e4rv: k\u00e4sit\u00f6\u00f6 tamm<\/p>\n","protected":false},"featured_media":0,"comment_status":"closed","ping_status":"open","template":"","meta":{"_gspb_post_css":""},"product_brand":[],"product_cat":[4321],"product_tag":[],"class_list":{"0":"post-45274","1":"product","2":"type-product","3":"status-publish","5":"product_cat-kitchens","6":"pa_vahelaos-ei","8":"first","9":"instock","10":"purchasable","11":"product-type-simple"},"ct_brands":[],"_links":{"self":[{"href":"https:\/\/www.nordi.ee\/en\/wp-json\/wp\/v2\/product\/45274","targetHints":{"allow":["GET"]}}],"collection":[{"href":"https:\/\/www.nordi.ee\/en\/wp-json\/wp\/v2\/product"}],"about":[{"href":"https:\/\/www.nordi.ee\/en\/wp-json\/wp\/v2\/types\/product"}],"replies":[{"embeddable":true,"href":"https:\/\/www.nordi.ee\/en\/wp-json\/wp\/v2\/comments?post=45274"}],"wp:attachment":[{"href":"https:\/\/www.nordi.ee\/en\/wp-json\/wp\/v2\/media?parent=45274"}],"wp:term":[{"taxonomy":"product_brand","embeddable":true,"href":"https:\/\/www.nordi.ee\/en\/wp-json\/wp\/v2\/product_brand?post=45274"},{"taxonomy":"product_cat","embeddable":true,"href":"https:\/\/www.nordi.ee\/en\/wp-json\/wp\/v2\/product_cat?post=45274"},{"taxonomy":"product_tag","embeddable":true,"href":"https:\/\/www.nordi.ee\/en\/wp-json\/wp\/v2\/product_tag?post=45274"}],"curies":[{"name":"wp","href":"https:\/\/api.w.org\/{rel}","templated":true}]}}