{"id":45268,"date":"2026-03-03T05:37:21","date_gmt":"2026-03-03T03:37:21","guid":{"rendered":"https:\/\/www.nordi.ee\/toode\/vento-dk-80-82-karkass-valamu-kapp-kasitoopuit\/"},"modified":"2026-04-29T10:58:07","modified_gmt":"2026-04-29T07:58:07","slug":"vento-dk-80-82-karkass-valamu-kapp-kasitoopuit","status":"publish","type":"product","link":"https:\/\/www.nordi.ee\/en\/toode\/vento-dk-80-82-karkass-valamu-kapp-kasitoopuit\/","title":{"rendered":"VENTO DK-80\/82 karkass, valamu-kapp, k\u00e4sit\u00f6\u00f6puit."},"content":{"rendered":"<p>korpus, kraanikaussi kapp, m\u00f5\u00f5tmed: 80\/82\/52 cm, materjal: laminaatplaadist, v\u00e4rv: k\u00e4sit\u00f6\u00f6puit<\/p>\n","protected":false},"excerpt":{"rendered":"<p>korpus, kraanikaussi kapp, m\u00f5\u00f5tmed: 80\/82\/52 cm, materjal: laminaatplaadist, v\u00e4rv: k\u00e4sit\u00f6\u00f6puit<\/p>\n","protected":false},"featured_media":0,"comment_status":"closed","ping_status":"open","template":"","meta":{"_gspb_post_css":""},"product_brand":[],"product_cat":[4321],"product_tag":[],"class_list":{"0":"post-45268","1":"product","2":"type-product","3":"status-publish","5":"product_cat-kitchens","6":"pa_vahelaos-ei","8":"first","9":"instock","10":"purchasable","11":"product-type-simple"},"ct_brands":[],"_links":{"self":[{"href":"https:\/\/www.nordi.ee\/en\/wp-json\/wp\/v2\/product\/45268","targetHints":{"allow":["GET"]}}],"collection":[{"href":"https:\/\/www.nordi.ee\/en\/wp-json\/wp\/v2\/product"}],"about":[{"href":"https:\/\/www.nordi.ee\/en\/wp-json\/wp\/v2\/types\/product"}],"replies":[{"embeddable":true,"href":"https:\/\/www.nordi.ee\/en\/wp-json\/wp\/v2\/comments?post=45268"}],"wp:attachment":[{"href":"https:\/\/www.nordi.ee\/en\/wp-json\/wp\/v2\/media?parent=45268"}],"wp:term":[{"taxonomy":"product_brand","embeddable":true,"href":"https:\/\/www.nordi.ee\/en\/wp-json\/wp\/v2\/product_brand?post=45268"},{"taxonomy":"product_cat","embeddable":true,"href":"https:\/\/www.nordi.ee\/en\/wp-json\/wp\/v2\/product_cat?post=45268"},{"taxonomy":"product_tag","embeddable":true,"href":"https:\/\/www.nordi.ee\/en\/wp-json\/wp\/v2\/product_tag?post=45268"}],"curies":[{"name":"wp","href":"https:\/\/api.w.org\/{rel}","templated":true}]}}