{"id":45253,"date":"2026-03-03T05:36:35","date_gmt":"2026-03-03T03:36:35","guid":{"rendered":"https:\/\/www.nordi.ee\/toode\/vento-d3s_h-80-82-karkass-alumine-kapp-sahtlitega-kasitoo-tamme\/"},"modified":"2026-04-29T10:58:00","modified_gmt":"2026-04-29T07:58:00","slug":"vento-d3s_h-80-82-karkass-alumine-kapp-sahtlitega-kasitoo-tamme","status":"publish","type":"product","link":"https:\/\/www.nordi.ee\/en\/toode\/vento-d3s_h-80-82-karkass-alumine-kapp-sahtlitega-kasitoo-tamme\/","title":{"rendered":"VENTO D3S_H-80\/82 karkass, alumine kapp sahtlitega k\u00e4sit\u00f6\u00f6 tamme"},"content":{"rendered":"<p>karkass, m\u00f5\u00f5tmed: 80\/82\/52 cm, materjal: laminaatplaat, v\u00e4rv: k\u00e4sit\u00f6\u00f6 tamm<\/p>\n","protected":false},"excerpt":{"rendered":"<p>karkass, m\u00f5\u00f5tmed: 80\/82\/52 cm, materjal: laminaatplaat, v\u00e4rv: k\u00e4sit\u00f6\u00f6 tamm<\/p>\n","protected":false},"featured_media":0,"comment_status":"closed","ping_status":"open","template":"","meta":{"_gspb_post_css":""},"product_brand":[],"product_cat":[4321],"product_tag":[],"class_list":{"0":"post-45253","1":"product","2":"type-product","3":"status-publish","5":"product_cat-kitchens","6":"pa_vahelaos-ei","8":"first","9":"instock","10":"purchasable","11":"product-type-simple"},"ct_brands":[],"_links":{"self":[{"href":"https:\/\/www.nordi.ee\/en\/wp-json\/wp\/v2\/product\/45253","targetHints":{"allow":["GET"]}}],"collection":[{"href":"https:\/\/www.nordi.ee\/en\/wp-json\/wp\/v2\/product"}],"about":[{"href":"https:\/\/www.nordi.ee\/en\/wp-json\/wp\/v2\/types\/product"}],"replies":[{"embeddable":true,"href":"https:\/\/www.nordi.ee\/en\/wp-json\/wp\/v2\/comments?post=45253"}],"wp:attachment":[{"href":"https:\/\/www.nordi.ee\/en\/wp-json\/wp\/v2\/media?parent=45253"}],"wp:term":[{"taxonomy":"product_brand","embeddable":true,"href":"https:\/\/www.nordi.ee\/en\/wp-json\/wp\/v2\/product_brand?post=45253"},{"taxonomy":"product_cat","embeddable":true,"href":"https:\/\/www.nordi.ee\/en\/wp-json\/wp\/v2\/product_cat?post=45253"},{"taxonomy":"product_tag","embeddable":true,"href":"https:\/\/www.nordi.ee\/en\/wp-json\/wp\/v2\/product_tag?post=45253"}],"curies":[{"name":"wp","href":"https:\/\/api.w.org\/{rel}","templated":true}]}}