{"id":45236,"date":"2026-02-28T05:45:51","date_gmt":"2026-02-28T03:45:51","guid":{"rendered":"https:\/\/www.nordi.ee\/toode\/viola-260-koogikomplekt-kremona-tamm-kasmiir\/"},"modified":"2026-04-29T10:58:40","modified_gmt":"2026-04-29T07:58:40","slug":"viola-260-koogikomplekt-kremona-tamm-kasmiir","status":"publish","type":"product","link":"https:\/\/www.nordi.ee\/en\/toode\/viola-260-koogikomplekt-kremona-tamm-kasmiir\/","title":{"rendered":"VIOLA 260 k\u00f6\u00f6gikomplekt, kremona tamm \/ ka\u0161miir"},"content":{"rendered":"<p>komplekti pikkus 260, gaasit\u00f5stukid, \u00fclemiste ja alumiste kappide reguleerimine, t\u00f6\u00f6pinna paksus 28 mm, v\u00e4rvid: esipaneelid &#8211; ka\u0161miir, korpus &#8211; kremona tamm, t\u00f6\u00f6pind &#8211; sonoma tamm<\/p>\n","protected":false},"excerpt":{"rendered":"<p>komplekti pikkus 260, gaasit\u00f5stukid, \u00fclemiste ja alumiste kappide reguleerimine, t\u00f6\u00f6pinna paksus 28 mm, v\u00e4rvid: esipaneelid &#8211; ka\u0161miir, korpus &#8211; kremona tamm, t\u00f6\u00f6pind &#8211; sonoma tamm<\/p>\n","protected":false},"featured_media":45237,"comment_status":"closed","ping_status":"open","template":"","meta":{"_gspb_post_css":""},"product_brand":[],"product_cat":[4321],"product_tag":[],"class_list":{"0":"post-45236","1":"product","2":"type-product","3":"status-publish","4":"has-post-thumbnail","6":"product_cat-kitchens","7":"pa_vahelaos-ei","9":"first","10":"instock","11":"purchasable","12":"product-type-simple"},"ct_brands":[],"_links":{"self":[{"href":"https:\/\/www.nordi.ee\/en\/wp-json\/wp\/v2\/product\/45236","targetHints":{"allow":["GET"]}}],"collection":[{"href":"https:\/\/www.nordi.ee\/en\/wp-json\/wp\/v2\/product"}],"about":[{"href":"https:\/\/www.nordi.ee\/en\/wp-json\/wp\/v2\/types\/product"}],"replies":[{"embeddable":true,"href":"https:\/\/www.nordi.ee\/en\/wp-json\/wp\/v2\/comments?post=45236"}],"wp:featuredmedia":[{"embeddable":true,"href":"https:\/\/www.nordi.ee\/en\/wp-json\/wp\/v2\/media\/45237"}],"wp:attachment":[{"href":"https:\/\/www.nordi.ee\/en\/wp-json\/wp\/v2\/media?parent=45236"}],"wp:term":[{"taxonomy":"product_brand","embeddable":true,"href":"https:\/\/www.nordi.ee\/en\/wp-json\/wp\/v2\/product_brand?post=45236"},{"taxonomy":"product_cat","embeddable":true,"href":"https:\/\/www.nordi.ee\/en\/wp-json\/wp\/v2\/product_cat?post=45236"},{"taxonomy":"product_tag","embeddable":true,"href":"https:\/\/www.nordi.ee\/en\/wp-json\/wp\/v2\/product_tag?post=45236"}],"curies":[{"name":"wp","href":"https:\/\/api.w.org\/{rel}","templated":true}]}}