{"id":45227,"date":"2026-02-28T05:44:32","date_gmt":"2026-02-28T03:44:32","guid":{"rendered":"https:\/\/www.nordi.ee\/toode\/vento-goo-60-58-esipaneel-varv-helehall-laikiv\/"},"modified":"2026-04-29T10:57:04","modified_gmt":"2026-04-29T07:57:04","slug":"vento-goo-60-58-esipaneel-varv-helehall-laikiv","status":"publish","type":"product","link":"https:\/\/www.nordi.ee\/en\/toode\/vento-goo-60-58-esipaneel-varv-helehall-laikiv\/","title":{"rendered":"VENTO GOO-60\/58 esipaneel, v\u00e4rv: helehall l\u00e4ikiv"},"content":{"rendered":"<p>VENTO esik GOO-60\/58, m\u00f5\u00f5tmed: 57\/59,6 cm, materjal: laminaat MDF, v\u00e4rv: helehall k\u00f5rgl\u00e4ikega<\/p>\n","protected":false},"excerpt":{"rendered":"<p>VENTO esik GOO-60\/58, m\u00f5\u00f5tmed: 57\/59,6 cm, materjal: laminaat MDF, v\u00e4rv: helehall k\u00f5rgl\u00e4ikega<\/p>\n","protected":false},"featured_media":0,"comment_status":"closed","ping_status":"open","template":"","meta":{"_gspb_post_css":""},"product_brand":[],"product_cat":[4321],"product_tag":[],"class_list":{"0":"post-45227","1":"product","2":"type-product","3":"status-publish","5":"product_cat-kitchens","6":"pa_vahelaos-ei","8":"first","9":"instock","10":"purchasable","11":"product-type-simple"},"ct_brands":[],"_links":{"self":[{"href":"https:\/\/www.nordi.ee\/en\/wp-json\/wp\/v2\/product\/45227","targetHints":{"allow":["GET"]}}],"collection":[{"href":"https:\/\/www.nordi.ee\/en\/wp-json\/wp\/v2\/product"}],"about":[{"href":"https:\/\/www.nordi.ee\/en\/wp-json\/wp\/v2\/types\/product"}],"replies":[{"embeddable":true,"href":"https:\/\/www.nordi.ee\/en\/wp-json\/wp\/v2\/comments?post=45227"}],"wp:attachment":[{"href":"https:\/\/www.nordi.ee\/en\/wp-json\/wp\/v2\/media?parent=45227"}],"wp:term":[{"taxonomy":"product_brand","embeddable":true,"href":"https:\/\/www.nordi.ee\/en\/wp-json\/wp\/v2\/product_brand?post=45227"},{"taxonomy":"product_cat","embeddable":true,"href":"https:\/\/www.nordi.ee\/en\/wp-json\/wp\/v2\/product_cat?post=45227"},{"taxonomy":"product_tag","embeddable":true,"href":"https:\/\/www.nordi.ee\/en\/wp-json\/wp\/v2\/product_tag?post=45227"}],"curies":[{"name":"wp","href":"https:\/\/api.w.org\/{rel}","templated":true}]}}