{"id":45213,"date":"2026-02-28T05:43:43","date_gmt":"2026-02-28T03:43:43","guid":{"rendered":"https:\/\/www.nordi.ee\/toode\/vento-go-50-36-ees-varv-heledat-halli-korglaige\/"},"modified":"2026-04-29T10:57:00","modified_gmt":"2026-04-29T07:57:00","slug":"vento-go-50-36-ees-varv-heledat-halli-korglaige","status":"publish","type":"product","link":"https:\/\/www.nordi.ee\/en\/toode\/vento-go-50-36-ees-varv-heledat-halli-korglaige\/","title":{"rendered":"VENTO GO-50\/36 ees, v\u00e4rv: heledat halli k\u00f5rgl\u00e4ige"},"content":{"rendered":"<p>VENTO esik GO-50\/36 jaoks, m\u00f5\u00f5tmed: 35,5\/49,6 cm, materjal: laminaat MDF, v\u00e4rv: helehall k\u00f5rgl\u00e4ige<\/p>\n","protected":false},"excerpt":{"rendered":"<p>VENTO esik GO-50\/36 jaoks, m\u00f5\u00f5tmed: 35,5\/49,6 cm, materjal: laminaat MDF, v\u00e4rv: helehall k\u00f5rgl\u00e4ige<\/p>\n","protected":false},"featured_media":0,"comment_status":"closed","ping_status":"open","template":"","meta":{"_gspb_post_css":""},"product_brand":[],"product_cat":[4321],"product_tag":[],"class_list":{"0":"post-45213","1":"product","2":"type-product","3":"status-publish","5":"product_cat-kitchens","6":"pa_vahelaos-ei","8":"first","9":"instock","10":"purchasable","11":"product-type-simple"},"ct_brands":[],"_links":{"self":[{"href":"https:\/\/www.nordi.ee\/en\/wp-json\/wp\/v2\/product\/45213","targetHints":{"allow":["GET"]}}],"collection":[{"href":"https:\/\/www.nordi.ee\/en\/wp-json\/wp\/v2\/product"}],"about":[{"href":"https:\/\/www.nordi.ee\/en\/wp-json\/wp\/v2\/types\/product"}],"replies":[{"embeddable":true,"href":"https:\/\/www.nordi.ee\/en\/wp-json\/wp\/v2\/comments?post=45213"}],"wp:attachment":[{"href":"https:\/\/www.nordi.ee\/en\/wp-json\/wp\/v2\/media?parent=45213"}],"wp:term":[{"taxonomy":"product_brand","embeddable":true,"href":"https:\/\/www.nordi.ee\/en\/wp-json\/wp\/v2\/product_brand?post=45213"},{"taxonomy":"product_cat","embeddable":true,"href":"https:\/\/www.nordi.ee\/en\/wp-json\/wp\/v2\/product_cat?post=45213"},{"taxonomy":"product_tag","embeddable":true,"href":"https:\/\/www.nordi.ee\/en\/wp-json\/wp\/v2\/product_tag?post=45213"}],"curies":[{"name":"wp","href":"https:\/\/api.w.org\/{rel}","templated":true}]}}