{"id":45199,"date":"2026-02-28T05:43:11","date_gmt":"2026-02-28T03:43:11","guid":{"rendered":"https:\/\/www.nordi.ee\/toode\/vento-g-45-72-esipaneel-varv-heleda-halli-korglaikega\/"},"modified":"2026-04-29T10:56:57","modified_gmt":"2026-04-29T07:56:57","slug":"vento-g-45-72-esipaneel-varv-heleda-halli-korglaikega","status":"publish","type":"product","link":"https:\/\/www.nordi.ee\/en\/toode\/vento-g-45-72-esipaneel-varv-heleda-halli-korglaikega\/","title":{"rendered":"VENTO G-45\/72 esipaneel, v\u00e4rv: heleda halli k\u00f5rgl\u00e4ikega"},"content":{"rendered":"<p>VENTO esi G-45\/72 jaoks, m\u00f5\u00f5tmed: 71,3\/44,6 cm, materjal: laminaat MDF, v\u00e4rv: helehall l\u00e4ikiv<\/p>\n","protected":false},"excerpt":{"rendered":"<p>VENTO esi G-45\/72 jaoks, m\u00f5\u00f5tmed: 71,3\/44,6 cm, materjal: laminaat MDF, v\u00e4rv: helehall l\u00e4ikiv<\/p>\n","protected":false},"featured_media":0,"comment_status":"closed","ping_status":"open","template":"","meta":{"_gspb_post_css":""},"product_brand":[],"product_cat":[4321],"product_tag":[],"class_list":{"0":"post-45199","1":"product","2":"type-product","3":"status-publish","5":"product_cat-kitchens","6":"pa_vahelaos-ei","8":"first","9":"instock","10":"purchasable","11":"product-type-simple"},"ct_brands":[],"_links":{"self":[{"href":"https:\/\/www.nordi.ee\/en\/wp-json\/wp\/v2\/product\/45199","targetHints":{"allow":["GET"]}}],"collection":[{"href":"https:\/\/www.nordi.ee\/en\/wp-json\/wp\/v2\/product"}],"about":[{"href":"https:\/\/www.nordi.ee\/en\/wp-json\/wp\/v2\/types\/product"}],"replies":[{"embeddable":true,"href":"https:\/\/www.nordi.ee\/en\/wp-json\/wp\/v2\/comments?post=45199"}],"wp:attachment":[{"href":"https:\/\/www.nordi.ee\/en\/wp-json\/wp\/v2\/media?parent=45199"}],"wp:term":[{"taxonomy":"product_brand","embeddable":true,"href":"https:\/\/www.nordi.ee\/en\/wp-json\/wp\/v2\/product_brand?post=45199"},{"taxonomy":"product_cat","embeddable":true,"href":"https:\/\/www.nordi.ee\/en\/wp-json\/wp\/v2\/product_cat?post=45199"},{"taxonomy":"product_tag","embeddable":true,"href":"https:\/\/www.nordi.ee\/en\/wp-json\/wp\/v2\/product_tag?post=45199"}],"curies":[{"name":"wp","href":"https:\/\/api.w.org\/{rel}","templated":true}]}}