{"id":45145,"date":"2026-02-28T05:40:12","date_gmt":"2026-02-28T03:40:12","guid":{"rendered":"https:\/\/www.nordi.ee\/toode\/vento-d3s_h-80-82-esikuljed-varv-franklin-pahkel\/"},"modified":"2026-04-29T10:56:50","modified_gmt":"2026-04-29T07:56:50","slug":"vento-d3s_h-80-82-esikuljed-varv-franklin-pahkel","status":"publish","type":"product","link":"https:\/\/www.nordi.ee\/en\/toode\/vento-d3s_h-80-82-esikuljed-varv-franklin-pahkel\/","title":{"rendered":"VENTO D3S_H-80\/82 esik\u00fcljed, v\u00e4rv: franklin p\u00e4hkel"},"content":{"rendered":"<p>VENTO esik\u00fcljed D3S_H-80\/82, m\u00f5\u00f5tmed: 35,5\/79,6 ja 17,6\/79,6 cm, materjal: liimitud MDF, v\u00e4rv: franklin p\u00e4hkel<\/p>\n","protected":false},"excerpt":{"rendered":"<p>VENTO esik\u00fcljed D3S_H-80\/82, m\u00f5\u00f5tmed: 35,5\/79,6 ja 17,6\/79,6 cm, materjal: liimitud MDF, v\u00e4rv: franklin p\u00e4hkel<\/p>\n","protected":false},"featured_media":0,"comment_status":"closed","ping_status":"open","template":"","meta":{"_gspb_post_css":""},"product_brand":[],"product_cat":[4321],"product_tag":[],"class_list":{"0":"post-45145","1":"product","2":"type-product","3":"status-publish","5":"product_cat-kitchens","6":"pa_vahelaos-ei","8":"first","9":"instock","10":"purchasable","11":"product-type-simple"},"ct_brands":[],"_links":{"self":[{"href":"https:\/\/www.nordi.ee\/en\/wp-json\/wp\/v2\/product\/45145","targetHints":{"allow":["GET"]}}],"collection":[{"href":"https:\/\/www.nordi.ee\/en\/wp-json\/wp\/v2\/product"}],"about":[{"href":"https:\/\/www.nordi.ee\/en\/wp-json\/wp\/v2\/types\/product"}],"replies":[{"embeddable":true,"href":"https:\/\/www.nordi.ee\/en\/wp-json\/wp\/v2\/comments?post=45145"}],"wp:attachment":[{"href":"https:\/\/www.nordi.ee\/en\/wp-json\/wp\/v2\/media?parent=45145"}],"wp:term":[{"taxonomy":"product_brand","embeddable":true,"href":"https:\/\/www.nordi.ee\/en\/wp-json\/wp\/v2\/product_brand?post=45145"},{"taxonomy":"product_cat","embeddable":true,"href":"https:\/\/www.nordi.ee\/en\/wp-json\/wp\/v2\/product_cat?post=45145"},{"taxonomy":"product_tag","embeddable":true,"href":"https:\/\/www.nordi.ee\/en\/wp-json\/wp\/v2\/product_tag?post=45145"}],"curies":[{"name":"wp","href":"https:\/\/api.w.org\/{rel}","templated":true}]}}