{"id":45136,"date":"2026-02-28T05:39:40","date_gmt":"2026-02-28T03:39:40","guid":{"rendered":"https:\/\/www.nordi.ee\/toode\/vento-d3s_h-60-82-esipaneelid-varv-helehall-korglaikega\/"},"modified":"2026-04-29T10:56:46","modified_gmt":"2026-04-29T07:56:46","slug":"vento-d3s_h-60-82-esipaneelid-varv-helehall-korglaikega","status":"publish","type":"product","link":"https:\/\/www.nordi.ee\/en\/toode\/vento-d3s_h-60-82-esipaneelid-varv-helehall-korglaikega\/","title":{"rendered":"VENTO D3S_H-60\/82 esipaneelid, v\u00e4rv: helehall k\u00f5rgl\u00e4ikega"},"content":{"rendered":"<p>VENTO esipaneelid D3S_H-60\/82, m\u00f5\u00f5tmed: 35,5\/59,6 &#038; 17,6\/59,6 cm, materjal: laminaat MDF, v\u00e4rv: heledalt hall k\u00f5rgl\u00e4ige.<\/p>\n","protected":false},"excerpt":{"rendered":"<p>VENTO esipaneelid D3S_H-60\/82, m\u00f5\u00f5tmed: 35,5\/59,6 &#038; 17,6\/59,6 cm, materjal: laminaat MDF, v\u00e4rv: heledalt hall k\u00f5rgl\u00e4ige.<\/p>\n","protected":false},"featured_media":0,"comment_status":"closed","ping_status":"open","template":"","meta":{"_gspb_post_css":""},"product_brand":[],"product_cat":[4321],"product_tag":[],"class_list":{"0":"post-45136","1":"product","2":"type-product","3":"status-publish","5":"product_cat-kitchens","6":"pa_vahelaos-ei","8":"first","9":"instock","10":"purchasable","11":"product-type-simple"},"ct_brands":[],"_links":{"self":[{"href":"https:\/\/www.nordi.ee\/en\/wp-json\/wp\/v2\/product\/45136","targetHints":{"allow":["GET"]}}],"collection":[{"href":"https:\/\/www.nordi.ee\/en\/wp-json\/wp\/v2\/product"}],"about":[{"href":"https:\/\/www.nordi.ee\/en\/wp-json\/wp\/v2\/types\/product"}],"replies":[{"embeddable":true,"href":"https:\/\/www.nordi.ee\/en\/wp-json\/wp\/v2\/comments?post=45136"}],"wp:attachment":[{"href":"https:\/\/www.nordi.ee\/en\/wp-json\/wp\/v2\/media?parent=45136"}],"wp:term":[{"taxonomy":"product_brand","embeddable":true,"href":"https:\/\/www.nordi.ee\/en\/wp-json\/wp\/v2\/product_brand?post=45136"},{"taxonomy":"product_cat","embeddable":true,"href":"https:\/\/www.nordi.ee\/en\/wp-json\/wp\/v2\/product_cat?post=45136"},{"taxonomy":"product_tag","embeddable":true,"href":"https:\/\/www.nordi.ee\/en\/wp-json\/wp\/v2\/product_tag?post=45136"}],"curies":[{"name":"wp","href":"https:\/\/api.w.org\/{rel}","templated":true}]}}