{"id":45110,"date":"2026-02-28T05:38:19","date_gmt":"2026-02-28T03:38:19","guid":{"rendered":"https:\/\/www.nordi.ee\/toode\/vento-g-60-72-gc-60-72-d-60-82-dk-60-82-esikulg-varv-franklini-pahklipuu\/"},"modified":"2026-04-29T10:56:37","modified_gmt":"2026-04-29T07:56:37","slug":"vento-g-60-72-gc-60-72-d-60-82-dk-60-82-esikulg-varv-franklini-pahklipuu","status":"publish","type":"product","link":"https:\/\/www.nordi.ee\/en\/toode\/vento-g-60-72-gc-60-72-d-60-82-dk-60-82-esikulg-varv-franklini-pahklipuu\/","title":{"rendered":"VENTO G-60\/72 + GC-60\/72 + D-60\/82 + DK-60\/82 esik\u00fclg, v\u00e4rv: franklini p\u00e4hklipuu"},"content":{"rendered":"<p>VENTO esik G-60\/72 + GC-60\/72 + D-60\/82 + DK-60\/82, m\u00f5\u00f5tmed: 60\/72 cm, materjal: puitlaastplaat, v\u00e4rv: franklin p\u00e4hkel<\/p>\n","protected":false},"excerpt":{"rendered":"<p>VENTO esik G-60\/72 + GC-60\/72 + D-60\/82 + DK-60\/82, m\u00f5\u00f5tmed: 60\/72 cm, materjal: puitlaastplaat, v\u00e4rv: franklin p\u00e4hkel<\/p>\n","protected":false},"featured_media":0,"comment_status":"closed","ping_status":"open","template":"","meta":{"_gspb_post_css":""},"product_brand":[],"product_cat":[4321],"product_tag":[],"class_list":{"0":"post-45110","1":"product","2":"type-product","3":"status-publish","5":"product_cat-kitchens","6":"pa_vahelaos-ei","8":"first","9":"instock","10":"purchasable","11":"product-type-simple"},"ct_brands":[],"_links":{"self":[{"href":"https:\/\/www.nordi.ee\/en\/wp-json\/wp\/v2\/product\/45110","targetHints":{"allow":["GET"]}}],"collection":[{"href":"https:\/\/www.nordi.ee\/en\/wp-json\/wp\/v2\/product"}],"about":[{"href":"https:\/\/www.nordi.ee\/en\/wp-json\/wp\/v2\/types\/product"}],"replies":[{"embeddable":true,"href":"https:\/\/www.nordi.ee\/en\/wp-json\/wp\/v2\/comments?post=45110"}],"wp:attachment":[{"href":"https:\/\/www.nordi.ee\/en\/wp-json\/wp\/v2\/media?parent=45110"}],"wp:term":[{"taxonomy":"product_brand","embeddable":true,"href":"https:\/\/www.nordi.ee\/en\/wp-json\/wp\/v2\/product_brand?post=45110"},{"taxonomy":"product_cat","embeddable":true,"href":"https:\/\/www.nordi.ee\/en\/wp-json\/wp\/v2\/product_cat?post=45110"},{"taxonomy":"product_tag","embeddable":true,"href":"https:\/\/www.nordi.ee\/en\/wp-json\/wp\/v2\/product_tag?post=45110"}],"curies":[{"name":"wp","href":"https:\/\/api.w.org\/{rel}","templated":true}]}}