{"id":45096,"date":"2026-02-28T05:37:28","date_gmt":"2026-02-28T03:37:28","guid":{"rendered":"https:\/\/www.nordi.ee\/toode\/vento-dz-72-57-kapinurgapaneel-varv-franklini-pahkel\/"},"modified":"2026-04-29T10:56:20","modified_gmt":"2026-04-29T07:56:20","slug":"vento-dz-72-57-kapinurgapaneel-varv-franklini-pahkel","status":"publish","type":"product","link":"https:\/\/www.nordi.ee\/en\/toode\/vento-dz-72-57-kapinurgapaneel-varv-franklini-pahkel\/","title":{"rendered":"VENTO DZ-72\/57 kapinurgapaneel, v\u00e4rv: franklini p\u00e4hkel"},"content":{"rendered":"<p>m\u00f5\u00f5tmed: 72\/57,6 cm, materjal: MDF, v\u00e4rv: franklin p\u00e4hkel<\/p>\n","protected":false},"excerpt":{"rendered":"<p>m\u00f5\u00f5tmed: 72\/57,6 cm, materjal: MDF, v\u00e4rv: franklin p\u00e4hkel<\/p>\n","protected":false},"featured_media":0,"comment_status":"closed","ping_status":"open","template":"","meta":{"_gspb_post_css":""},"product_brand":[],"product_cat":[4321],"product_tag":[],"class_list":{"0":"post-45096","1":"product","2":"type-product","3":"status-publish","5":"product_cat-kitchens","6":"pa_vahelaos-ei","8":"first","9":"instock","10":"purchasable","11":"product-type-simple"},"ct_brands":[],"_links":{"self":[{"href":"https:\/\/www.nordi.ee\/en\/wp-json\/wp\/v2\/product\/45096","targetHints":{"allow":["GET"]}}],"collection":[{"href":"https:\/\/www.nordi.ee\/en\/wp-json\/wp\/v2\/product"}],"about":[{"href":"https:\/\/www.nordi.ee\/en\/wp-json\/wp\/v2\/types\/product"}],"replies":[{"embeddable":true,"href":"https:\/\/www.nordi.ee\/en\/wp-json\/wp\/v2\/comments?post=45096"}],"wp:attachment":[{"href":"https:\/\/www.nordi.ee\/en\/wp-json\/wp\/v2\/media?parent=45096"}],"wp:term":[{"taxonomy":"product_brand","embeddable":true,"href":"https:\/\/www.nordi.ee\/en\/wp-json\/wp\/v2\/product_brand?post=45096"},{"taxonomy":"product_cat","embeddable":true,"href":"https:\/\/www.nordi.ee\/en\/wp-json\/wp\/v2\/product_cat?post=45096"},{"taxonomy":"product_tag","embeddable":true,"href":"https:\/\/www.nordi.ee\/en\/wp-json\/wp\/v2\/product_tag?post=45096"}],"curies":[{"name":"wp","href":"https:\/\/api.w.org\/{rel}","templated":true}]}}