{"id":45088,"date":"2026-02-28T05:35:46","date_gmt":"2026-02-28T03:35:46","guid":{"rendered":"https:\/\/www.nordi.ee\/toode\/vento-toopind-2020-must\/"},"modified":"2026-04-29T10:54:58","modified_gmt":"2026-04-29T07:54:58","slug":"vento-toopind-2020-must","status":"publish","type":"product","link":"https:\/\/www.nordi.ee\/en\/toode\/vento-toopind-2020-must\/","title":{"rendered":"VENTO t\u00f6\u00f6pind 2020 must"},"content":{"rendered":"<p>t\u00f6\u00f6pind, m\u00f5\u00f5tmed: 2020\/28 mm, v\u00e4rv: must<\/p>\n","protected":false},"excerpt":{"rendered":"<p>t\u00f6\u00f6pind, m\u00f5\u00f5tmed: 2020\/28 mm, v\u00e4rv: must<\/p>\n","protected":false},"featured_media":0,"comment_status":"closed","ping_status":"open","template":"","meta":{"_gspb_post_css":""},"product_brand":[],"product_cat":[4321],"product_tag":[],"class_list":{"0":"post-45088","1":"product","2":"type-product","3":"status-publish","5":"product_cat-kitchens","6":"pa_vahelaos-ei","8":"first","9":"instock","10":"purchasable","11":"product-type-simple"},"ct_brands":[],"_links":{"self":[{"href":"https:\/\/www.nordi.ee\/en\/wp-json\/wp\/v2\/product\/45088","targetHints":{"allow":["GET"]}}],"collection":[{"href":"https:\/\/www.nordi.ee\/en\/wp-json\/wp\/v2\/product"}],"about":[{"href":"https:\/\/www.nordi.ee\/en\/wp-json\/wp\/v2\/types\/product"}],"replies":[{"embeddable":true,"href":"https:\/\/www.nordi.ee\/en\/wp-json\/wp\/v2\/comments?post=45088"}],"wp:attachment":[{"href":"https:\/\/www.nordi.ee\/en\/wp-json\/wp\/v2\/media?parent=45088"}],"wp:term":[{"taxonomy":"product_brand","embeddable":true,"href":"https:\/\/www.nordi.ee\/en\/wp-json\/wp\/v2\/product_brand?post=45088"},{"taxonomy":"product_cat","embeddable":true,"href":"https:\/\/www.nordi.ee\/en\/wp-json\/wp\/v2\/product_cat?post=45088"},{"taxonomy":"product_tag","embeddable":true,"href":"https:\/\/www.nordi.ee\/en\/wp-json\/wp\/v2\/product_tag?post=45088"}],"curies":[{"name":"wp","href":"https:\/\/api.w.org\/{rel}","templated":true}]}}