{"id":45082,"date":"2026-02-28T05:35:04","date_gmt":"2026-02-28T03:35:04","guid":{"rendered":"https:\/\/www.nordi.ee\/toode\/formo-f3-esipaneel-peegeliga-modulaarse-kapisusteemi-jaoks-kasmiir\/"},"modified":"2026-04-29T10:54:28","modified_gmt":"2026-04-29T07:54:28","slug":"formo-f3-esipaneel-peegeliga-modulaarse-kapisusteemi-jaoks-kasmiir","status":"publish","type":"product","link":"https:\/\/www.nordi.ee\/en\/toode\/formo-f3-esipaneel-peegeliga-modulaarse-kapisusteemi-jaoks-kasmiir\/","title":{"rendered":"FORMO &#8211; F3 esipaneel peegeliga MODULAARSE KAPIS\u00dcSTEEMI jaoks &#8211; ka\u0161miir"},"content":{"rendered":"<p>F3 esipaneel MODULAARSE KAPP-S\u00fcsteemi FORMO jaoks, m\u00f5\u00f5dud: 50\/18\/238 cm, materjal: laminaatliimpuit \/ peegel \/ esipaneelid pehmelt sulguvate hingedega, v\u00e4rv: cashmere.<\/p>\n","protected":false},"excerpt":{"rendered":"<p>F3 esipaneel MODULAARSE KAPP-S\u00fcsteemi FORMO jaoks, m\u00f5\u00f5dud: 50\/18\/238 cm, materjal: laminaatliimpuit \/ peegel \/ esipaneelid pehmelt sulguvate hingedega, v\u00e4rv: cashmere.<\/p>\n","protected":false},"featured_media":45083,"comment_status":"closed","ping_status":"open","template":"","meta":{"_gspb_post_css":""},"product_brand":[],"product_cat":[4067],"product_tag":[],"class_list":{"0":"post-45082","1":"product","2":"type-product","3":"status-publish","4":"has-post-thumbnail","6":"product_cat-kummutid","7":"pa_vahelaos-ei","9":"first","10":"instock","11":"purchasable","12":"product-type-simple"},"ct_brands":[],"_links":{"self":[{"href":"https:\/\/www.nordi.ee\/en\/wp-json\/wp\/v2\/product\/45082","targetHints":{"allow":["GET"]}}],"collection":[{"href":"https:\/\/www.nordi.ee\/en\/wp-json\/wp\/v2\/product"}],"about":[{"href":"https:\/\/www.nordi.ee\/en\/wp-json\/wp\/v2\/types\/product"}],"replies":[{"embeddable":true,"href":"https:\/\/www.nordi.ee\/en\/wp-json\/wp\/v2\/comments?post=45082"}],"wp:featuredmedia":[{"embeddable":true,"href":"https:\/\/www.nordi.ee\/en\/wp-json\/wp\/v2\/media\/45083"}],"wp:attachment":[{"href":"https:\/\/www.nordi.ee\/en\/wp-json\/wp\/v2\/media?parent=45082"}],"wp:term":[{"taxonomy":"product_brand","embeddable":true,"href":"https:\/\/www.nordi.ee\/en\/wp-json\/wp\/v2\/product_brand?post=45082"},{"taxonomy":"product_cat","embeddable":true,"href":"https:\/\/www.nordi.ee\/en\/wp-json\/wp\/v2\/product_cat?post=45082"},{"taxonomy":"product_tag","embeddable":true,"href":"https:\/\/www.nordi.ee\/en\/wp-json\/wp\/v2\/product_tag?post=45082"}],"curies":[{"name":"wp","href":"https:\/\/api.w.org\/{rel}","templated":true}]}}