{"id":45080,"date":"2026-02-28T05:34:58","date_gmt":"2026-02-28T03:34:58","guid":{"rendered":"https:\/\/www.nordi.ee\/toode\/formo-f2-esik-modulaarse-kapisusteemile-cashmere\/"},"modified":"2026-04-29T10:54:26","modified_gmt":"2026-04-29T07:54:26","slug":"formo-f2-esik-modulaarse-kapisusteemile-cashmere","status":"publish","type":"product","link":"https:\/\/www.nordi.ee\/en\/toode\/formo-f2-esik-modulaarse-kapisusteemile-cashmere\/","title":{"rendered":"FORMO &#8211; F2 esik MODULAARSE KAPIS\u00dcSTEEMILE &#8211; cashmere"},"content":{"rendered":"<p>F2 esipaneel MODULAARSE KAPP-S\u00dcSTEEMI FORMO jaoks, m\u00f5\u00f5tmed: 50\/18\/238 cm, materjal: laminaatkiudplaadist \/ esipaneelid pehme sulgemise hingedega, v\u00e4rv: kamelivill.<\/p>\n","protected":false},"excerpt":{"rendered":"<p>F2 esipaneel MODULAARSE KAPP-S\u00dcSTEEMI FORMO jaoks, m\u00f5\u00f5tmed: 50\/18\/238 cm, materjal: laminaatkiudplaadist \/ esipaneelid pehme sulgemise hingedega, v\u00e4rv: kamelivill.<\/p>\n","protected":false},"featured_media":45081,"comment_status":"closed","ping_status":"open","template":"","meta":{"_gspb_post_css":""},"product_brand":[],"product_cat":[4067],"product_tag":[],"class_list":{"0":"post-45080","1":"product","2":"type-product","3":"status-publish","4":"has-post-thumbnail","6":"product_cat-kummutid","7":"pa_vahelaos-ei","9":"first","10":"instock","11":"purchasable","12":"product-type-simple"},"ct_brands":[],"_links":{"self":[{"href":"https:\/\/www.nordi.ee\/en\/wp-json\/wp\/v2\/product\/45080","targetHints":{"allow":["GET"]}}],"collection":[{"href":"https:\/\/www.nordi.ee\/en\/wp-json\/wp\/v2\/product"}],"about":[{"href":"https:\/\/www.nordi.ee\/en\/wp-json\/wp\/v2\/types\/product"}],"replies":[{"embeddable":true,"href":"https:\/\/www.nordi.ee\/en\/wp-json\/wp\/v2\/comments?post=45080"}],"wp:featuredmedia":[{"embeddable":true,"href":"https:\/\/www.nordi.ee\/en\/wp-json\/wp\/v2\/media\/45081"}],"wp:attachment":[{"href":"https:\/\/www.nordi.ee\/en\/wp-json\/wp\/v2\/media?parent=45080"}],"wp:term":[{"taxonomy":"product_brand","embeddable":true,"href":"https:\/\/www.nordi.ee\/en\/wp-json\/wp\/v2\/product_brand?post=45080"},{"taxonomy":"product_cat","embeddable":true,"href":"https:\/\/www.nordi.ee\/en\/wp-json\/wp\/v2\/product_cat?post=45080"},{"taxonomy":"product_tag","embeddable":true,"href":"https:\/\/www.nordi.ee\/en\/wp-json\/wp\/v2\/product_tag?post=45080"}],"curies":[{"name":"wp","href":"https:\/\/api.w.org\/{rel}","templated":true}]}}