{"id":45078,"date":"2026-02-28T05:34:52","date_gmt":"2026-02-28T03:34:52","guid":{"rendered":"https:\/\/www.nordi.ee\/toode\/formo-f1-esik-modulaarse-kapisusteemi-jaoks-kasmiir\/"},"modified":"2026-04-29T10:54:25","modified_gmt":"2026-04-29T07:54:25","slug":"formo-f1-esik-modulaarse-kapisusteemi-jaoks-kasmiir","status":"publish","type":"product","link":"https:\/\/www.nordi.ee\/en\/toode\/formo-f1-esik-modulaarse-kapisusteemi-jaoks-kasmiir\/","title":{"rendered":"FORMO &#8211; F1 esik MODULAARSE KAPIS\u00fcsteemi jaoks &#8211; ka\u0161miir"},"content":{"rendered":"<p>F1 esiosa MODULAARSE KAPIS\u00dcSTEEMILE FORMO, m\u00f5\u00f5tmed: 50\/16\/238 cm, materjal: laminaatkiudplaadist \/ esik\u00fcljed pehme sulgemise hinges, v\u00e4rv: ka\u0161miir<\/p>\n","protected":false},"excerpt":{"rendered":"<p>F1 esiosa MODULAARSE KAPIS\u00dcSTEEMILE FORMO, m\u00f5\u00f5tmed: 50\/16\/238 cm, materjal: laminaatkiudplaadist \/ esik\u00fcljed pehme sulgemise hinges, v\u00e4rv: ka\u0161miir<\/p>\n","protected":false},"featured_media":45079,"comment_status":"closed","ping_status":"open","template":"","meta":{"_gspb_post_css":""},"product_brand":[],"product_cat":[4067],"product_tag":[],"class_list":{"0":"post-45078","1":"product","2":"type-product","3":"status-publish","4":"has-post-thumbnail","6":"product_cat-kummutid","7":"pa_vahelaos-ei","9":"first","10":"instock","11":"purchasable","12":"product-type-simple"},"ct_brands":[],"_links":{"self":[{"href":"https:\/\/www.nordi.ee\/en\/wp-json\/wp\/v2\/product\/45078","targetHints":{"allow":["GET"]}}],"collection":[{"href":"https:\/\/www.nordi.ee\/en\/wp-json\/wp\/v2\/product"}],"about":[{"href":"https:\/\/www.nordi.ee\/en\/wp-json\/wp\/v2\/types\/product"}],"replies":[{"embeddable":true,"href":"https:\/\/www.nordi.ee\/en\/wp-json\/wp\/v2\/comments?post=45078"}],"wp:featuredmedia":[{"embeddable":true,"href":"https:\/\/www.nordi.ee\/en\/wp-json\/wp\/v2\/media\/45079"}],"wp:attachment":[{"href":"https:\/\/www.nordi.ee\/en\/wp-json\/wp\/v2\/media?parent=45078"}],"wp:term":[{"taxonomy":"product_brand","embeddable":true,"href":"https:\/\/www.nordi.ee\/en\/wp-json\/wp\/v2\/product_brand?post=45078"},{"taxonomy":"product_cat","embeddable":true,"href":"https:\/\/www.nordi.ee\/en\/wp-json\/wp\/v2\/product_cat?post=45078"},{"taxonomy":"product_tag","embeddable":true,"href":"https:\/\/www.nordi.ee\/en\/wp-json\/wp\/v2\/product_tag?post=45078"}],"curies":[{"name":"wp","href":"https:\/\/api.w.org\/{rel}","templated":true}]}}