{"id":45074,"date":"2026-02-28T05:33:54","date_gmt":"2026-02-28T03:33:54","guid":{"rendered":"https:\/\/www.nordi.ee\/toode\/tirante-rtv-1-rtv-seista-kasmiir\/"},"modified":"2026-04-29T10:53:37","modified_gmt":"2026-04-29T07:53:37","slug":"tirante-rtv-1-rtv-seista-kasmiir","status":"publish","type":"product","link":"https:\/\/www.nordi.ee\/en\/toode\/tirante-rtv-1-rtv-seista-kasmiir\/","title":{"rendered":"TIRANTE RTV-1 RTV seista ka\u0161miir"},"content":{"rendered":"<p>m\u00f5\u00f5dud: 160\/40\/46 cm, materjal: laminaatplaadist \/ laminaat MDF-st \/ pulberkattega teras \/ \u00fcmarad servad, v\u00e4rv: kasmiir, * elektriline kamin valikuna<\/p>\n","protected":false},"excerpt":{"rendered":"<p>m\u00f5\u00f5dud: 160\/40\/46 cm, materjal: laminaatplaadist \/ laminaat MDF-st \/ pulberkattega teras \/ \u00fcmarad servad, v\u00e4rv: kasmiir, * elektriline kamin valikuna<\/p>\n","protected":false},"featured_media":45075,"comment_status":"closed","ping_status":"open","template":"","meta":{"_gspb_post_css":""},"product_brand":[],"product_cat":[4067],"product_tag":[],"class_list":{"0":"post-45074","1":"product","2":"type-product","3":"status-publish","4":"has-post-thumbnail","6":"product_cat-kummutid","7":"pa_vahelaos-ei","9":"first","10":"instock","11":"purchasable","12":"product-type-simple"},"ct_brands":[],"_links":{"self":[{"href":"https:\/\/www.nordi.ee\/en\/wp-json\/wp\/v2\/product\/45074","targetHints":{"allow":["GET"]}}],"collection":[{"href":"https:\/\/www.nordi.ee\/en\/wp-json\/wp\/v2\/product"}],"about":[{"href":"https:\/\/www.nordi.ee\/en\/wp-json\/wp\/v2\/types\/product"}],"replies":[{"embeddable":true,"href":"https:\/\/www.nordi.ee\/en\/wp-json\/wp\/v2\/comments?post=45074"}],"wp:featuredmedia":[{"embeddable":true,"href":"https:\/\/www.nordi.ee\/en\/wp-json\/wp\/v2\/media\/45075"}],"wp:attachment":[{"href":"https:\/\/www.nordi.ee\/en\/wp-json\/wp\/v2\/media?parent=45074"}],"wp:term":[{"taxonomy":"product_brand","embeddable":true,"href":"https:\/\/www.nordi.ee\/en\/wp-json\/wp\/v2\/product_brand?post=45074"},{"taxonomy":"product_cat","embeddable":true,"href":"https:\/\/www.nordi.ee\/en\/wp-json\/wp\/v2\/product_cat?post=45074"},{"taxonomy":"product_tag","embeddable":true,"href":"https:\/\/www.nordi.ee\/en\/wp-json\/wp\/v2\/product_tag?post=45074"}],"curies":[{"name":"wp","href":"https:\/\/api.w.org\/{rel}","templated":true}]}}