{"id":45068,"date":"2026-02-28T05:29:34","date_gmt":"2026-02-28T03:29:34","guid":{"rendered":"https:\/\/www.nordi.ee\/toode\/magnus-venitabel-matt-looduslik-tammesearch\/"},"modified":"2026-04-29T10:50:17","modified_gmt":"2026-04-29T07:50:17","slug":"magnus-venitabel-matt-looduslik-tammesearch","status":"publish","type":"product","link":"https:\/\/www.nordi.ee\/en\/toode\/magnus-venitabel-matt-looduslik-tammesearch\/","title":{"rendered":"MAGNUS venitabel matt looduslik tammesearch"},"content":{"rendered":"<p>m\u00f5\u00f5tmed: 120-200\/120\/76 cm, pikendatav laud, materjal: laminaatplekk + looduspuit \/ massiivne tammes\u00e4\u00e4r, v\u00e4rv: plaat &#8211; looduslik, jalad &#8211; looduslik<\/p>\n","protected":false},"excerpt":{"rendered":"<p>m\u00f5\u00f5tmed: 120-200\/120\/76 cm, pikendatav laud, materjal: laminaatplekk + looduspuit \/ massiivne tammes\u00e4\u00e4r, v\u00e4rv: plaat &#8211; looduslik, jalad &#8211; looduslik<\/p>\n","protected":false},"featured_media":45069,"comment_status":"closed","ping_status":"open","template":"","meta":{"_gspb_post_css":""},"product_brand":[],"product_cat":[190,167],"product_tag":[],"class_list":{"0":"post-45068","1":"product","2":"type-product","3":"status-publish","4":"has-post-thumbnail","6":"product_cat-soogilauad","7":"product_cat-soogituba","8":"pa_vahelaos-ei","10":"first","11":"instock","12":"purchasable","13":"product-type-simple"},"ct_brands":[],"_links":{"self":[{"href":"https:\/\/www.nordi.ee\/en\/wp-json\/wp\/v2\/product\/45068","targetHints":{"allow":["GET"]}}],"collection":[{"href":"https:\/\/www.nordi.ee\/en\/wp-json\/wp\/v2\/product"}],"about":[{"href":"https:\/\/www.nordi.ee\/en\/wp-json\/wp\/v2\/types\/product"}],"replies":[{"embeddable":true,"href":"https:\/\/www.nordi.ee\/en\/wp-json\/wp\/v2\/comments?post=45068"}],"wp:featuredmedia":[{"embeddable":true,"href":"https:\/\/www.nordi.ee\/en\/wp-json\/wp\/v2\/media\/45069"}],"wp:attachment":[{"href":"https:\/\/www.nordi.ee\/en\/wp-json\/wp\/v2\/media?parent=45068"}],"wp:term":[{"taxonomy":"product_brand","embeddable":true,"href":"https:\/\/www.nordi.ee\/en\/wp-json\/wp\/v2\/product_brand?post=45068"},{"taxonomy":"product_cat","embeddable":true,"href":"https:\/\/www.nordi.ee\/en\/wp-json\/wp\/v2\/product_cat?post=45068"},{"taxonomy":"product_tag","embeddable":true,"href":"https:\/\/www.nordi.ee\/en\/wp-json\/wp\/v2\/product_tag?post=45068"}],"curies":[{"name":"wp","href":"https:\/\/api.w.org\/{rel}","templated":true}]}}