{"id":44965,"date":"2026-02-27T05:01:14","date_gmt":"2026-02-27T03:01:14","guid":{"rendered":"https:\/\/www.nordi.ee\/toode\/anger-komplekt-kahest-ulemine-kuldne-tamm-jalad-mustad\/"},"modified":"2026-04-29T10:27:50","modified_gmt":"2026-04-29T07:27:50","slug":"anger-komplekt-kahest-ulemine-kuldne-tamm-jalad-mustad","status":"publish","type":"product","link":"https:\/\/www.nordi.ee\/en\/toode\/anger-komplekt-kahest-ulemine-kuldne-tamm-jalad-mustad\/","title":{"rendered":"ANGER komplekt kahest, \u00fclemine &#8211; kuldne tamm, jalad &#8211; mustad"},"content":{"rendered":"<p>m\u00f5\u00f5tmed: 75\/41 cm ja 55\/31 cm, kahe komplekt, materjal: laminaat MDF \/ pulberkattega teras, v\u00e4rv: kuldne tamm \/ must<\/p>\n","protected":false},"excerpt":{"rendered":"<p>m\u00f5\u00f5tmed: 75\/41 cm ja 55\/31 cm, kahe komplekt, materjal: laminaat MDF \/ pulberkattega teras, v\u00e4rv: kuldne tamm \/ must<\/p>\n","protected":false},"featured_media":44966,"comment_status":"closed","ping_status":"open","template":"","meta":{"_gspb_post_css":""},"product_brand":[],"product_cat":[178,165],"product_tag":[],"class_list":{"0":"post-44965","1":"product","2":"type-product","3":"status-publish","4":"has-post-thumbnail","6":"product_cat-diivanilauad","7":"product_cat-elutuba","8":"pa_vahelaos-ei","10":"first","11":"instock","12":"purchasable","13":"product-type-simple"},"ct_brands":[],"_links":{"self":[{"href":"https:\/\/www.nordi.ee\/en\/wp-json\/wp\/v2\/product\/44965","targetHints":{"allow":["GET"]}}],"collection":[{"href":"https:\/\/www.nordi.ee\/en\/wp-json\/wp\/v2\/product"}],"about":[{"href":"https:\/\/www.nordi.ee\/en\/wp-json\/wp\/v2\/types\/product"}],"replies":[{"embeddable":true,"href":"https:\/\/www.nordi.ee\/en\/wp-json\/wp\/v2\/comments?post=44965"}],"wp:featuredmedia":[{"embeddable":true,"href":"https:\/\/www.nordi.ee\/en\/wp-json\/wp\/v2\/media\/44966"}],"wp:attachment":[{"href":"https:\/\/www.nordi.ee\/en\/wp-json\/wp\/v2\/media?parent=44965"}],"wp:term":[{"taxonomy":"product_brand","embeddable":true,"href":"https:\/\/www.nordi.ee\/en\/wp-json\/wp\/v2\/product_brand?post=44965"},{"taxonomy":"product_cat","embeddable":true,"href":"https:\/\/www.nordi.ee\/en\/wp-json\/wp\/v2\/product_cat?post=44965"},{"taxonomy":"product_tag","embeddable":true,"href":"https:\/\/www.nordi.ee\/en\/wp-json\/wp\/v2\/product_tag?post=44965"}],"curies":[{"name":"wp","href":"https:\/\/api.w.org\/{rel}","templated":true}]}}