{"id":42517,"date":"2025-11-22T14:25:41","date_gmt":"2025-11-22T12:25:41","guid":{"rendered":"https:\/\/www.nordi.ee\/?post_type=product&#038;p=42517"},"modified":"2025-11-23T21:01:24","modified_gmt":"2025-11-23T19:01:24","slug":"tammepuidust-vitriinkapp-bruno-90","status":"publish","type":"product","link":"https:\/\/www.nordi.ee\/en\/toode\/tammepuidust-vitriinkapp-bruno-90\/","title":{"rendered":"Tammepuidust vitriinkapp BRUNO 90"},"content":{"rendered":"","protected":false},"excerpt":{"rendered":"<div>\n<p>\u00a0Bruno 81 v\u00e4ike puidust vitriin on ideaalne valik v\u00e4ikeste ruumide omanikele. Selle rustikaalse iseloomuga minimalistlik disain sobib elutuppa, s\u00f6\u00f6gituppa v\u00f5i hubasesse kodukontorisse. Vitriini \u00fclemine osa on vitriin ja pakub valget klaasist riiulit. M\u00f6ble allosas on \u00fcks laminaadist tehtud riiul, mis pakub piisavalt panipaiku. Vitriin n\u00e4eb suurep\u00e4rane v\u00e4lja koos Bruno seeria komodaga.<\/p>\n<p>Kergesti hooldataval kapil on \u00f5litatud tamme massiivpuust esipaneelid ning \u00fclemises osas karastatud klaas. M\u00f6\u00f6bli korpus on valmistatud laminaadist tammeplaadist, mist\u00f5ttu on vitriin mitte ainult funktsionaalne, vaid ka kergesti hooldatav. Pehme freimine v\u00f5imaldab mugavalt vitriini uksi avada ja vaikne sulgumisfunktsioon tagab nende h\u00e4\u00e4lset sulgemist. Dekoratiivne profiil esipaneelil r\u00f5hutab m\u00f6\u00f6bli traditsioonilist stiili, lisades sellele rustikaalset iseloomu. Bruno 81 on m\u00f6\u00f6bel, mis r\u00f5\u00f5mustab iga\u00fcht, kes unistab ainulaadsest ja stiilsest sisustusest.<\/p>\n<\/div>\n<h4><\/h4>\n<div>\n<p><strong>M\u00f6\u00f6bel saadetakse 2 pakis ja on m\u00f5eldud iseseisvaks monteerimiseks.<\/strong><\/p>\n<p>&nbsp;<\/p>\n<\/div>\n<table border=\"0\">\n<tbody>\n<tr>\n<td><strong>Tuba<\/strong><\/td>\n<td>Elutuba<\/td>\n<\/tr>\n<tr>\n<td><strong>M\u00f5\u00f5dud (k\u00f5rgus\/laius\/s\u00fcgavus) cm<\/strong><\/td>\n<td>195 \/ 58,2 \/ 42<\/td>\n<\/tr>\n<tr>\n<td><strong>Kaal koos pakendiga<\/strong><\/td>\n<td>50 kg<\/td>\n<\/tr>\n<tr>\n<td><strong>Materjalid<\/strong><\/td>\n<td>tammepuit, tamme imiteeriv laminaatplaat, klaas<\/td>\n<\/tr>\n<\/tbody>\n<\/table>\n<p>&nbsp;<\/p>\n","protected":false},"featured_media":42518,"comment_status":"closed","ping_status":"closed","template":"","meta":{"_gspb_post_css":""},"product_brand":[34],"product_cat":[165,205,4297,4062],"product_tag":[],"class_list":{"0":"post-42517","1":"product","2":"type-product","3":"status-publish","4":"has-post-thumbnail","6":"product_brand-siudy","7":"product_cat-elutuba","8":"product_cat-kapid","9":"product_cat-siudy","10":"product_cat-vitriinkapid","11":"pa_korgus-4281","12":"pa_laius-2207","13":"pa_sugavus-355","14":"pa_vahelaos-jah","16":"first","17":"instock","18":"sale","19":"purchasable","20":"product-type-simple"},"_links":{"self":[{"href":"https:\/\/www.nordi.ee\/en\/wp-json\/wp\/v2\/product\/42517","targetHints":{"allow":["GET"]}}],"collection":[{"href":"https:\/\/www.nordi.ee\/en\/wp-json\/wp\/v2\/product"}],"about":[{"href":"https:\/\/www.nordi.ee\/en\/wp-json\/wp\/v2\/types\/product"}],"replies":[{"embeddable":true,"href":"https:\/\/www.nordi.ee\/en\/wp-json\/wp\/v2\/comments?post=42517"}],"wp:featuredmedia":[{"embeddable":true,"href":"https:\/\/www.nordi.ee\/en\/wp-json\/wp\/v2\/media\/42518"}],"wp:attachment":[{"href":"https:\/\/www.nordi.ee\/en\/wp-json\/wp\/v2\/media?parent=42517"}],"wp:term":[{"taxonomy":"product_brand","embeddable":true,"href":"https:\/\/www.nordi.ee\/en\/wp-json\/wp\/v2\/product_brand?post=42517"},{"taxonomy":"product_cat","embeddable":true,"href":"https:\/\/www.nordi.ee\/en\/wp-json\/wp\/v2\/product_cat?post=42517"},{"taxonomy":"product_tag","embeddable":true,"href":"https:\/\/www.nordi.ee\/en\/wp-json\/wp\/v2\/product_tag?post=42517"}],"curies":[{"name":"wp","href":"https:\/\/api.w.org\/{rel}","templated":true}]}}