{"id":42508,"date":"2025-11-22T14:25:41","date_gmt":"2025-11-22T12:25:41","guid":{"rendered":"https:\/\/www.nordi.ee\/?post_type=product&#038;p=42508"},"modified":"2025-11-23T21:01:24","modified_gmt":"2025-11-23T19:01:24","slug":"tammepuidust-riidekapp-toronto-xxl","status":"publish","type":"product","link":"https:\/\/www.nordi.ee\/en\/toode\/tammepuidust-riidekapp-toronto-xxl\/","title":{"rendered":"Tammepuidust riidekapp TORONTO XXL"},"content":{"rendered":"","protected":false},"excerpt":{"rendered":"<p data-start=\"176\" data-end=\"463\">Ruumikas, viieukseline Toronto kapp on kaasaegse funktsionaalsuse ja stiilse esteetika \u00fchendamine, mis rahuldab ka k\u00f5ige n\u00f5udlikumaid kasutajaid. See lahendus on loodud nendele, kes hindavad lihtsust, suurep\u00e4rast organiseeritust ja elegantsi \u00fches.<\/p>\n<p data-start=\"465\" data-end=\"800\">Kolm suurt peeglit kapp esik\u00fcljel t\u00e4idavad mitte ainult praktilist funktsiooni, vaid suurendavad ka visuaalselt ruumi, lisades sellele valgust ja kergust. Soe tamme toon puitfrontidel annab tervikule mugava ja samas kaasaegse iseloomu, mis sobib suurep\u00e4raselt kokku Raro, Bruno ja Napoli kollektsiooni m\u00f6\u00f6bliga.<\/p>\n<p data-start=\"802\" data-end=\"1132\">Kapi sisemuses on rakendatud l\u00e4bim\u00f5eldud paigutus \u2013 kaks laia ala riidepuudega ja mahukad riiulid nende kohal v\u00f5imaldavad mugavat hoiustamist riputatavale riietusele ja hooajalistele tekstiilidele. T\u00e4iendav k\u00fclgosa on varustatud kolme v\u00e4iksema riiuliga, mis sobivad suurep\u00e4raselt aksessuaaride, kampsunite v\u00f5i organiseeritud pesu jaoks. T\u00e4pselt teostatud vastupidavast puitstruktuuriga lamineeritud viimistlus mitte ainult ei n\u00e4e v\u00e4lja hea, vaid tagab ka igap\u00e4evase kasutamise vastupidavuse. Toode on varustatud usaldusv\u00e4\u00e4rsete vaikse sulgemise funktsiooniga hingedega ja alumiiniumist, mati musta v\u00e4rviga k\u00e4epidemetega, mis lisavad tervikule kaasaegse aktsendi.<\/p>\n<p>Rohkem on pakitud 5 pakki ning on ette n\u00e4htud iseseisvaks kokkupanekuks.<\/p>\n<h4>Konstruktsioon<\/h4>\n<table border=\"0\">\n<tbody>\n<tr>\n<td><strong>Tuba<\/strong><\/td>\n<td>Magamistuba<\/td>\n<\/tr>\n<tr>\n<td><strong>M\u00f5\u00f5tmed (k\u00f5rgus\/laius\/s\u00fcgavus) cm<\/strong><\/td>\n<td>200 \/ 240 \/ 60<\/td>\n<\/tr>\n<tr>\n<td><strong>Kaal koos pakendiga<\/strong><\/td>\n<td>200 kg<\/td>\n<\/tr>\n<tr>\n<td><strong>Materjalid<\/strong><\/td>\n<td>Tammepuit, laminaat , alumiinium<\/td>\n<\/tr>\n<\/tbody>\n<\/table>\n","protected":false},"featured_media":42509,"comment_status":"closed","ping_status":"closed","template":"","meta":{"_gspb_post_css":""},"product_brand":[34],"product_cat":[194,166,4297],"product_tag":[],"class_list":{"0":"post-42508","1":"product","2":"type-product","3":"status-publish","4":"has-post-thumbnail","6":"product_brand-siudy","7":"product_cat-riidekapid","8":"product_cat-magamistuba","9":"product_cat-siudy","10":"pa_korgus-2278","11":"pa_laius-2369","12":"pa_sugavus-316","13":"pa_vahelaos-ei","15":"first","16":"instock","17":"sale","18":"purchasable","19":"product-type-simple"},"_links":{"self":[{"href":"https:\/\/www.nordi.ee\/en\/wp-json\/wp\/v2\/product\/42508","targetHints":{"allow":["GET"]}}],"collection":[{"href":"https:\/\/www.nordi.ee\/en\/wp-json\/wp\/v2\/product"}],"about":[{"href":"https:\/\/www.nordi.ee\/en\/wp-json\/wp\/v2\/types\/product"}],"replies":[{"embeddable":true,"href":"https:\/\/www.nordi.ee\/en\/wp-json\/wp\/v2\/comments?post=42508"}],"wp:featuredmedia":[{"embeddable":true,"href":"https:\/\/www.nordi.ee\/en\/wp-json\/wp\/v2\/media\/42509"}],"wp:attachment":[{"href":"https:\/\/www.nordi.ee\/en\/wp-json\/wp\/v2\/media?parent=42508"}],"wp:term":[{"taxonomy":"product_brand","embeddable":true,"href":"https:\/\/www.nordi.ee\/en\/wp-json\/wp\/v2\/product_brand?post=42508"},{"taxonomy":"product_cat","embeddable":true,"href":"https:\/\/www.nordi.ee\/en\/wp-json\/wp\/v2\/product_cat?post=42508"},{"taxonomy":"product_tag","embeddable":true,"href":"https:\/\/www.nordi.ee\/en\/wp-json\/wp\/v2\/product_tag?post=42508"}],"curies":[{"name":"wp","href":"https:\/\/api.w.org\/{rel}","templated":true}]}}