{"id":42498,"date":"2025-11-22T14:25:41","date_gmt":"2025-11-22T12:25:41","guid":{"rendered":"https:\/\/www.nordi.ee\/?post_type=product&#038;p=42498"},"modified":"2025-11-23T21:01:24","modified_gmt":"2025-11-23T19:01:24","slug":"tammepuidust-kapp-toronto-xl","status":"publish","type":"product","link":"https:\/\/www.nordi.ee\/en\/toode\/tammepuidust-kapp-toronto-xl\/","title":{"rendered":"Tammepuidust kapp TORONTO XL"},"content":{"rendered":"<h4><\/h4>\n","protected":false},"excerpt":{"rendered":"<p data-start=\"143\" data-end=\"442\">Neljaukseline Toronto garderoob on suurep\u00e4rane valik avarates magamistubades ja garderoobides. Selle mahukas interj\u00f6\u00f6r v\u00f5imaldab mugavat suure hulga riiete hoiustamist, tagades korrastatuse ja lihtsa juurdep\u00e4\u00e4su iga garderoobi elemendini. Kaks suurt peeglit v\u00f5imaldavad vaadata valmis stiili kogu oma hiilguses. Garderoob paistab silma oma lihtsa vormi ja universaalse disainiga, mis sobib ideaalselt nii klassikalisse kui ka modernsesse sisustusesse. Esipaneelid on valmistatud looduslikust puidust sooja, kollakas tooni, mis sobib ideaalselt Raro, Bruno ning Napoli kollektsiooni m\u00f6\u00f6bliga.<\/p>\n<p data-start=\"680\" data-end=\"1198\">Interj\u00f6\u00f6r on jagatud kaheks funktsionaalseks tsooniks \u2013 iga\u00fcks varustatud riidepuu ja mahuka riiuliga, mis on paigutatud \u00fcle selle, ideaalne harvem kasutatavate garderoobi elementide v\u00f5i tekstiilide jaoks. Tugevad neljaukselised esipaneelid on varustatud vaiksete hingede ja mustade alumiiniumk\u00e4epidemetega, mis tagavad sujuva ja vaikse sulgemise. Korpus on valmistatud vastupidavast 3D struktuuriga s\u00fcnkroonne laminaadist, mis imiteerib loodusliku puidu v\u00e4limust. M\u00f6\u00f6bel on lihtne hooldada ning ajaga ei m\u00f5juta see negatiivselt selle v\u00e4limust.<\/p>\n<p>&nbsp;<\/p>\n<p><strong>M\u00f6\u00f6bel on pakitud 4 pakki ja on ette n\u00e4htud iseseisvaks monteerimiseks.<\/strong><\/p>\n<table border=\"0\">\n<tbody>\n<tr>\n<td><strong>Tuba<\/strong><\/td>\n<td>Magamistuba, Garderoob<\/td>\n<\/tr>\n<tr>\n<td><strong>M\u00f5\u00f5tmed (k\u00f5rgus\/laius\/s\u00fcgavus) cm<\/strong><\/td>\n<td>\u00a0200 \/ 193 \/ 60<\/td>\n<\/tr>\n<tr>\n<td><strong>Kaalu koos pakendiga<\/strong><\/td>\n<td>148 kg<\/td>\n<\/tr>\n<tr>\n<td><strong>Materjalid<\/strong><\/td>\n<td>Tamm, laminaat, alumiinium<\/td>\n<\/tr>\n<\/tbody>\n<\/table>\n<p>&nbsp;<\/p>\n","protected":false},"featured_media":42499,"comment_status":"closed","ping_status":"closed","template":"","meta":{"_gspb_post_css":""},"product_brand":[34],"product_cat":[166,194,4297],"product_tag":[],"class_list":{"0":"post-42498","1":"product","2":"type-product","3":"status-publish","4":"has-post-thumbnail","6":"product_brand-siudy","7":"product_cat-magamistuba","8":"product_cat-riidekapid","9":"product_cat-siudy","10":"pa_korgus-2278","11":"pa_laius-1878","12":"pa_sugavus-316","13":"pa_vahelaos-ei","15":"first","16":"instock","17":"sale","18":"purchasable","19":"product-type-simple"},"_links":{"self":[{"href":"https:\/\/www.nordi.ee\/en\/wp-json\/wp\/v2\/product\/42498","targetHints":{"allow":["GET"]}}],"collection":[{"href":"https:\/\/www.nordi.ee\/en\/wp-json\/wp\/v2\/product"}],"about":[{"href":"https:\/\/www.nordi.ee\/en\/wp-json\/wp\/v2\/types\/product"}],"replies":[{"embeddable":true,"href":"https:\/\/www.nordi.ee\/en\/wp-json\/wp\/v2\/comments?post=42498"}],"wp:featuredmedia":[{"embeddable":true,"href":"https:\/\/www.nordi.ee\/en\/wp-json\/wp\/v2\/media\/42499"}],"wp:attachment":[{"href":"https:\/\/www.nordi.ee\/en\/wp-json\/wp\/v2\/media?parent=42498"}],"wp:term":[{"taxonomy":"product_brand","embeddable":true,"href":"https:\/\/www.nordi.ee\/en\/wp-json\/wp\/v2\/product_brand?post=42498"},{"taxonomy":"product_cat","embeddable":true,"href":"https:\/\/www.nordi.ee\/en\/wp-json\/wp\/v2\/product_cat?post=42498"},{"taxonomy":"product_tag","embeddable":true,"href":"https:\/\/www.nordi.ee\/en\/wp-json\/wp\/v2\/product_tag?post=42498"}],"curies":[{"name":"wp","href":"https:\/\/api.w.org\/{rel}","templated":true}]}}