{"id":42488,"date":"2025-11-22T14:25:41","date_gmt":"2025-11-22T12:25:41","guid":{"rendered":"https:\/\/www.nordi.ee\/?post_type=product&#038;p=42488"},"modified":"2025-11-23T21:01:24","modified_gmt":"2025-11-23T19:01:24","slug":"tammepuidust-garderoob-toronto-l","status":"publish","type":"product","link":"https:\/\/www.nordi.ee\/en\/toode\/tammepuidust-garderoob-toronto-l\/","title":{"rendered":"Tammepuidust garderoob TORONTO L"},"content":{"rendered":"","protected":false},"excerpt":{"rendered":"<p data-start=\"143\" data-end=\"541\">Funktsionaalsus ja elegants \u00fches \u2013 kolme uksega Toronto riidekapp on ideaalne lahendus inimestele, kes hindavad korda ja puhtust. Suurenenud mahutavuse t\u00f5ttu mahutad lihtsalt kogu oma garderoobi \u2013 alates igap\u00e4evastest riietest kuni hooaegade ja aksessuaarideni. Keskse peegli esipinnal ei aita mitte ainult visuaalselt ruumi suurendada, vaid on ka praktiline p\u00e4evase kasutamise element.<\/p>\n<p data-start=\"543\" data-end=\"779\">Kapp \u00fchendab lihtsa vormi ajatu disainiga, mist\u00f5ttu sobib see suurep\u00e4raselt nii klassikalistesse kui ka modernsetesse interj\u00f6\u00f6ridesse. Puitpindade looduslik varjund sobib suurep\u00e4raselt Raro, Bruno ja Napoli kollektsioonide m\u00f6\u00f6bliga.<\/p>\n<p data-start=\"781\" data-end=\"1233\">Sees leiad ruumikad riidepuud riputatavatele riietele ja kolm lisakitsamat riiulit k\u00fclgmistest osadest, mis on suurep\u00e4rased kohad aluspesu, aksessuaaride v\u00f5i padjap\u00fc\u00fcri hoidmiseks. Uksed on varustatud vaiksete hingeotstarbeliste hingedega, mis tagavad igap\u00e4evase kasutamise mugavuse. Kapi korpus on valmistatud vastupidavast s\u00fcnergilisest laminaadist 3D struktuuriga, mis j\u00e4ljendab t\u00e4pselt loodusliku puidu tekstuuri. Kogu v\u00e4limust t\u00e4iendavad elegantsed, mustad alumiiniumk\u00e4epidemed.<\/p>\n<p><strong>M\u00f6\u00f6bel on pakitud 3 kasti ja on m\u00f5eldud iseseisvaks monteerimiseks.<\/strong><\/p>\n<h4>Konstruktsioon<\/h4>\n<table border=\"0\">\n<tbody>\n<tr>\n<td><strong>Tuba<\/strong><\/td>\n<td>Magamistuba, Riidekapp<\/td>\n<\/tr>\n<tr>\n<td><strong>M\u00f5\u00f5dud (k\/org\/l) cm<\/strong><\/td>\n<td>\u00a0200 \/ 145 \/ 60<\/td>\n<\/tr>\n<tr>\n<td><strong>Kaal koos pakendiga<\/strong><\/td>\n<td>129 kg<\/td>\n<\/tr>\n<tr>\n<td><strong>Materjalid<\/strong><\/td>\n<td>Tammepuit,\u00a0 laminaat, alumiinium<\/td>\n<\/tr>\n<\/tbody>\n<\/table>\n","protected":false},"featured_media":42489,"comment_status":"closed","ping_status":"closed","template":"","meta":{"_gspb_post_css":""},"product_brand":[34],"product_cat":[194,166,4297],"product_tag":[],"class_list":{"0":"post-42488","1":"product","2":"type-product","3":"status-publish","4":"has-post-thumbnail","6":"product_brand-siudy","7":"product_cat-riidekapid","8":"product_cat-magamistuba","9":"product_cat-siudy","10":"pa_korgus-2278","11":"pa_laius-1340","12":"pa_sugavus-316","13":"pa_vahelaos-ei","15":"first","16":"instock","17":"sale","18":"purchasable","19":"product-type-simple"},"_links":{"self":[{"href":"https:\/\/www.nordi.ee\/en\/wp-json\/wp\/v2\/product\/42488","targetHints":{"allow":["GET"]}}],"collection":[{"href":"https:\/\/www.nordi.ee\/en\/wp-json\/wp\/v2\/product"}],"about":[{"href":"https:\/\/www.nordi.ee\/en\/wp-json\/wp\/v2\/types\/product"}],"replies":[{"embeddable":true,"href":"https:\/\/www.nordi.ee\/en\/wp-json\/wp\/v2\/comments?post=42488"}],"wp:featuredmedia":[{"embeddable":true,"href":"https:\/\/www.nordi.ee\/en\/wp-json\/wp\/v2\/media\/42489"}],"wp:attachment":[{"href":"https:\/\/www.nordi.ee\/en\/wp-json\/wp\/v2\/media?parent=42488"}],"wp:term":[{"taxonomy":"product_brand","embeddable":true,"href":"https:\/\/www.nordi.ee\/en\/wp-json\/wp\/v2\/product_brand?post=42488"},{"taxonomy":"product_cat","embeddable":true,"href":"https:\/\/www.nordi.ee\/en\/wp-json\/wp\/v2\/product_cat?post=42488"},{"taxonomy":"product_tag","embeddable":true,"href":"https:\/\/www.nordi.ee\/en\/wp-json\/wp\/v2\/product_tag?post=42488"}],"curies":[{"name":"wp","href":"https:\/\/api.w.org\/{rel}","templated":true}]}}