{"id":42480,"date":"2025-11-22T14:25:41","date_gmt":"2025-11-22T12:25:41","guid":{"rendered":"https:\/\/www.nordi.ee\/?post_type=product&#038;p=42480"},"modified":"2025-11-23T21:01:24","modified_gmt":"2025-11-23T19:01:24","slug":"tammepuidust-kapp-toronto","status":"publish","type":"product","link":"https:\/\/www.nordi.ee\/en\/toode\/tammepuidust-kapp-toronto\/","title":{"rendered":"Tammepuidust kapp TORONTO"},"content":{"rendered":"","protected":false},"excerpt":{"rendered":"<p>Igaks magamistoaks ja garderoobiks vajalik element &#8211; kapp, kuhu mahub k\u00f5ik teie riided, j\u00e4ttes ruumi puhtaks ja korrastatuks. Lihtne vorm ja universaalne disain on omadused, mis v\u00f5imaldavad Toronto&#8217; siseneda nii traditsioonilistesse kui ka kaasaegsematesse interj\u00f6\u00f6ridesse. T\u00e4nu puidust esipaneelidele sooja tamme tooni, Toronto seeria kapid sobivad ideaalselt Raro, Bruno ja Napoli kollektsioonidega.<\/p>\n<p>Kapist leiab riidepuu, mis v\u00f5imaldab mugavalt hoiustada riputavaid riideid, nagu \u00fclikonnad, mantlid v\u00f5i kleidid, samuti ruumikas riiul \u00fclal, ideaalne kohvrite, voodipesu v\u00f5i aksessuaaride karpide hoidmiseks. Tammepuidust uksed on varustatud vaiksete hingede s\u00fcsteemiga, mis tagab sujuva ja h\u00e4\u00e4lse sulgemise. Korpus on valmistatud kvaliteetsest s\u00fcnkroonsest laminaadist 3D struktuuriga, mis on v\u00e4rvitoonis ideaalselt sobitatud tammepuidust esipaneelidega. Kogu terviklikkust t\u00e4iustavad mustad alumiiniumk\u00e4epidemed.<\/p>\n<p><strong>M\u00f6\u00f6bel on pakitud 3 pakki ja on m\u00f5eldud iseseisvaks kokku panemiseks.<\/strong><\/p>\n<h4>Konstruktsioon<\/h4>\n<table border=\"0\">\n<tbody>\n<tr>\n<td><strong>Kasutuskoht<\/strong><\/td>\n<td>Magamistuba, Garderoob<\/td>\n<\/tr>\n<tr>\n<td><strong>M\u00f5\u00f5dud (k\u00f5rgus\/laius\/s\u00fcgavus) cm<\/strong><\/td>\n<td>\u00a0200 \/ 97 \/ 60<\/td>\n<\/tr>\n<tr>\n<td><strong>Kaalu sisaldab pakend<\/strong><\/td>\n<td>85<\/td>\n<\/tr>\n<tr>\n<td><strong>Materjalid<\/strong><\/td>\n<td>Tammepuit, s\u00fcnkroonne laminat, alumiinium<\/td>\n<\/tr>\n<\/tbody>\n<\/table>\n","protected":false},"featured_media":42481,"comment_status":"closed","ping_status":"closed","template":"","meta":{"_gspb_post_css":""},"product_brand":[34],"product_cat":[194,166,4297],"product_tag":[],"class_list":{"0":"post-42480","1":"product","2":"type-product","3":"status-publish","4":"has-post-thumbnail","6":"product_brand-siudy","7":"product_cat-riidekapid","8":"product_cat-magamistuba","9":"product_cat-siudy","10":"pa_korgus-2278","11":"pa_laius-2056","12":"pa_sugavus-316","13":"pa_vahelaos-ei","15":"first","16":"instock","17":"sale","18":"purchasable","19":"product-type-simple"},"_links":{"self":[{"href":"https:\/\/www.nordi.ee\/en\/wp-json\/wp\/v2\/product\/42480","targetHints":{"allow":["GET"]}}],"collection":[{"href":"https:\/\/www.nordi.ee\/en\/wp-json\/wp\/v2\/product"}],"about":[{"href":"https:\/\/www.nordi.ee\/en\/wp-json\/wp\/v2\/types\/product"}],"replies":[{"embeddable":true,"href":"https:\/\/www.nordi.ee\/en\/wp-json\/wp\/v2\/comments?post=42480"}],"wp:featuredmedia":[{"embeddable":true,"href":"https:\/\/www.nordi.ee\/en\/wp-json\/wp\/v2\/media\/42481"}],"wp:attachment":[{"href":"https:\/\/www.nordi.ee\/en\/wp-json\/wp\/v2\/media?parent=42480"}],"wp:term":[{"taxonomy":"product_brand","embeddable":true,"href":"https:\/\/www.nordi.ee\/en\/wp-json\/wp\/v2\/product_brand?post=42480"},{"taxonomy":"product_cat","embeddable":true,"href":"https:\/\/www.nordi.ee\/en\/wp-json\/wp\/v2\/product_cat?post=42480"},{"taxonomy":"product_tag","embeddable":true,"href":"https:\/\/www.nordi.ee\/en\/wp-json\/wp\/v2\/product_tag?post=42480"}],"curies":[{"name":"wp","href":"https:\/\/api.w.org\/{rel}","templated":true}]}}