{"id":42478,"date":"2025-11-22T14:25:41","date_gmt":"2025-11-22T12:25:41","guid":{"rendered":"https:\/\/www.nordi.ee\/?post_type=product&#038;p=42478"},"modified":"2025-11-23T21:01:24","modified_gmt":"2025-11-23T19:01:24","slug":"vitriinkapp-arrocco","status":"publish","type":"product","link":"https:\/\/www.nordi.ee\/en\/toode\/vitriinkapp-arrocco\/","title":{"rendered":"Vitriinkapp ARROCCO"},"content":{"rendered":"","protected":false},"excerpt":{"rendered":"<p data-start=\"103\" data-end=\"296\"><strong data-start=\"103\" data-end=\"122\"><br \/>\n<\/strong>Vitriin Arrocco on disainm\u00f6\u00f6bel, mis lisab kaasaegsele ruumile elegantsi. See on valmistatud laminaadist (18 mm),\u00a0struktuuriga karastatud klaas, mis on paigaldatud esik\u00fcljel, ja \u00f5hukesed roostevabast terasest pulgad, mis on pulberv\u00e4rvitud. T\u00e4nu spetsiaalsele \u00a0laminaadi kasutamisele s\u00e4ilitab v\u00e4limine pind kauni v\u00e4limuse ja on lihtne puhastada. Lisaks on kvaliteetsed hinged varustatud Soft-close s\u00fcsteemiga, mis tagab m\u00fcravaba kasutamise. See stiilne ja praktiline vitriin on suurep\u00e4rane valik nii elutuppa kui ka s\u00f6\u00f6gituppa, kus mahutab n\u00f5ud, dekoratiivklaasi v\u00f5i laudlina. Koos raamaturiiuli v\u00f5i kummutiga sobib see ka kontorisse, et hoiustada dokumente v\u00f5i kui v\u00e4ike baar.<\/p>\n<p data-start=\"103\" data-end=\"296\">\u00dclemine osa v\u00f5imaldab dekoratsioonide eksponeerimist, samas kui alumine kapp varjab t\u00e4iendavaid laminaadiga riiuleid v\u00e4ikeste esemete hoiustamiseks. Dekoratiivsed silmade peal vitriini k\u00fclgedel ja \u00f5hukesed metallist pulgad r\u00f5hutavad selle kaasaegset, disainitud stiili. M\u00f6\u00f6bel on saadaval ka 5 muus v\u00e4rvitoonis: suitsune roheline, keramiiline punane, valge, naturaalne tamme ja p\u00e4rlvalge, mis v\u00f5imaldab integreeruda erinevatesse interj\u00f6\u00f6ridesse ja luua huvitavaid kombinatsioone.<\/p>\n<p>&nbsp;<\/p>\n<p><strong>M\u00f6\u00f6bel saadetakse 3 pakendis ja on m\u00f5eldud iseseisvaks kokku panemiseks.<\/strong><\/p>\n<h4><\/h4>\n<h4>Ehitus<\/h4>\n<table border=\"0\">\n<tbody>\n<tr>\n<td><strong>TUBA<\/strong><\/td>\n<td>Elutuba, magamistuba<\/td>\n<\/tr>\n<tr>\n<td><strong>M\u00f5\u00f5tmed (k\/ l\/s) cm<\/strong><\/td>\n<td>195 \/ 81 \/ 37<\/td>\n<\/tr>\n<tr>\n<td><strong>Pakend kaal<\/strong><\/td>\n<td>72 kg<\/td>\n<\/tr>\n<tr>\n<td><strong>Materjalid<\/strong><\/td>\n<td>struktuuriga laminaat, pulberv\u00e4rvitud teras, karastatud struktuuriga klaas<\/p>\n<div><\/div>\n<\/td>\n<\/tr>\n<\/tbody>\n<\/table>\n<p>&nbsp;<\/p>\n","protected":false},"featured_media":42421,"comment_status":"closed","ping_status":"closed","template":"","meta":{"_gspb_post_css":""},"product_brand":[34],"product_cat":[165,205,4062],"product_tag":[],"class_list":{"0":"post-42478","1":"product","2":"type-product","3":"status-publish","4":"has-post-thumbnail","6":"product_brand-siudy","7":"product_cat-elutuba","8":"product_cat-kapid","9":"product_cat-vitriinkapid","10":"pa_korgus-4281","11":"pa_laius-508","12":"pa_sugavus-1037","13":"pa_vahelaos-jah","15":"first","16":"instock","17":"sale","18":"purchasable","19":"product-type-simple"},"_links":{"self":[{"href":"https:\/\/www.nordi.ee\/en\/wp-json\/wp\/v2\/product\/42478","targetHints":{"allow":["GET"]}}],"collection":[{"href":"https:\/\/www.nordi.ee\/en\/wp-json\/wp\/v2\/product"}],"about":[{"href":"https:\/\/www.nordi.ee\/en\/wp-json\/wp\/v2\/types\/product"}],"replies":[{"embeddable":true,"href":"https:\/\/www.nordi.ee\/en\/wp-json\/wp\/v2\/comments?post=42478"}],"wp:featuredmedia":[{"embeddable":true,"href":"https:\/\/www.nordi.ee\/en\/wp-json\/wp\/v2\/media\/42421"}],"wp:attachment":[{"href":"https:\/\/www.nordi.ee\/en\/wp-json\/wp\/v2\/media?parent=42478"}],"wp:term":[{"taxonomy":"product_brand","embeddable":true,"href":"https:\/\/www.nordi.ee\/en\/wp-json\/wp\/v2\/product_brand?post=42478"},{"taxonomy":"product_cat","embeddable":true,"href":"https:\/\/www.nordi.ee\/en\/wp-json\/wp\/v2\/product_cat?post=42478"},{"taxonomy":"product_tag","embeddable":true,"href":"https:\/\/www.nordi.ee\/en\/wp-json\/wp\/v2\/product_tag?post=42478"}],"curies":[{"name":"wp","href":"https:\/\/api.w.org\/{rel}","templated":true}]}}