{"id":42471,"date":"2025-11-22T14:25:41","date_gmt":"2025-11-22T12:25:41","guid":{"rendered":"https:\/\/www.nordi.ee\/?post_type=product&#038;p=42471"},"modified":"2025-11-23T21:01:24","modified_gmt":"2025-11-23T19:01:24","slug":"tammepuidust-vitriinkapp-napoli-75","status":"publish","type":"product","link":"https:\/\/www.nordi.ee\/en\/toode\/tammepuidust-vitriinkapp-napoli-75\/","title":{"rendered":"Tammepuidust vitriinkapp NAPOLI 75"},"content":{"rendered":"","protected":false},"excerpt":{"rendered":"<p>Vitriini alumine osa on varustatud sahtli ja ukse taga peidetud riiulitega, mist\u00f5ttu t\u00e4idab see praktilist funktsiooni. M\u00f6\u00f6bli \u00fclemine osa koosneb puidust-klaasist ustest, mille taga on 2 klaasriiulit. T\u00e4nu lihtsale ja elegantsele disainile sobib see traditsioonilisse ja veidi modernsematesse ruumidesse. See on suurep\u00e4rane m\u00f6\u00f6bel elutuppa, s\u00f6\u00f6gituppa v\u00f5i v\u00e4ikesesse kontorisse. Vitriinkapp on ideaalne kombinatsioon komoodiga Napoli 15, luues p\u00fcsiva ja kauni komplekti.<\/p>\n<p>&nbsp;<\/p>\n<p>Eesmine, pealmine ja jalgade osa on valmistatud \u00f5litatud t\u00e4ispuidust tammest. Komoodi jalad on korralikult kaitstud, et v\u00e4ltida p\u00f5randate kriimustamist. Ees olev klaas on karastatud klaas ja k\u00fclgedel katab sobiva v\u00e4rviga tammepaber. M\u00f6\u00f6bli \u00fclemises osas on 2 klaasriiulit, alumises osas on aga kasutatud laminaati, mis ei erine v\u00e4rvilt \u00fclej\u00e4\u00e4nud korpusest. Sahtel ja ukse hinge on varustatud vaikse sulgemise funktsiooniga, mist\u00f5ttu on kasutamine mugav ja m\u00fcravaba. Traditsioonilised k\u00e4epidemed on asendatud reljeefsega esiotsades. T\u00e4nu vitra\u017ei valgustuse v\u00f5imalusele v\u00f5ib see saada ruumi keskpunktiks, loobudes peent ja sooja kuma.<\/p>\n<div>\n<p>M\u00f6\u00f6bel saadetakse 2 pakis ja on ette n\u00e4htud iseseisvaks kokku panemiseks.<\/p>\n<p>Tammepuidust m\u00f6\u00f6bel Napoli &#8211; ajatu elegants t\u00e4ispuidust<\/p>\n<\/div>\n<p>&nbsp;<\/p>\n<table border=\"0\">\n<tbody>\n<tr>\n<td>Tuba<\/td>\n<td>Elutuba<\/td>\n<\/tr>\n<tr>\n<td>M\u00f5\u00f5tmed (k\u00f5rgus\/laius\/s\u00fcgavus) cm<\/td>\n<td>190 \/ 60 \/ 40<\/td>\n<\/tr>\n<tr>\n<td>Kaal koos pakendiga<\/td>\n<td>70 kg<\/td>\n<\/tr>\n<tr>\n<td>Materjalid<\/td>\n<td>Tammepuit, tammepaber, laminaat, karastatud klaas, klaas<\/td>\n<\/tr>\n<\/tbody>\n<\/table>\n","protected":false},"featured_media":42472,"comment_status":"closed","ping_status":"closed","template":"","meta":{"_gspb_post_css":""},"product_brand":[34],"product_cat":[165,205,4297,4062],"product_tag":[],"class_list":{"0":"post-42471","1":"product","2":"type-product","3":"status-publish","4":"has-post-thumbnail","6":"product_brand-siudy","7":"product_cat-elutuba","8":"product_cat-kapid","9":"product_cat-siudy","10":"product_cat-vitriinkapid","11":"pa_korgus-2015","12":"pa_laius-310","13":"pa_sugavus-646","14":"pa_vahelaos-jah","16":"first","17":"instock","18":"sale","19":"purchasable","20":"product-type-simple"},"_links":{"self":[{"href":"https:\/\/www.nordi.ee\/en\/wp-json\/wp\/v2\/product\/42471","targetHints":{"allow":["GET"]}}],"collection":[{"href":"https:\/\/www.nordi.ee\/en\/wp-json\/wp\/v2\/product"}],"about":[{"href":"https:\/\/www.nordi.ee\/en\/wp-json\/wp\/v2\/types\/product"}],"replies":[{"embeddable":true,"href":"https:\/\/www.nordi.ee\/en\/wp-json\/wp\/v2\/comments?post=42471"}],"wp:featuredmedia":[{"embeddable":true,"href":"https:\/\/www.nordi.ee\/en\/wp-json\/wp\/v2\/media\/42472"}],"wp:attachment":[{"href":"https:\/\/www.nordi.ee\/en\/wp-json\/wp\/v2\/media?parent=42471"}],"wp:term":[{"taxonomy":"product_brand","embeddable":true,"href":"https:\/\/www.nordi.ee\/en\/wp-json\/wp\/v2\/product_brand?post=42471"},{"taxonomy":"product_cat","embeddable":true,"href":"https:\/\/www.nordi.ee\/en\/wp-json\/wp\/v2\/product_cat?post=42471"},{"taxonomy":"product_tag","embeddable":true,"href":"https:\/\/www.nordi.ee\/en\/wp-json\/wp\/v2\/product_tag?post=42471"}],"curies":[{"name":"wp","href":"https:\/\/api.w.org\/{rel}","templated":true}]}}