{"id":42463,"date":"2025-11-22T14:25:41","date_gmt":"2025-11-22T12:25:41","guid":{"rendered":"https:\/\/www.nordi.ee\/?post_type=product&#038;p=42463"},"modified":"2025-11-23T21:01:24","modified_gmt":"2025-11-23T19:01:24","slug":"tammepuidust-vitriinkapp-napoli-70","status":"publish","type":"product","link":"https:\/\/www.nordi.ee\/en\/toode\/tammepuidust-vitriinkapp-napoli-70\/","title":{"rendered":"Tammepuidust vitriinkapp NAPOLI 70"},"content":{"rendered":"","protected":false},"excerpt":{"rendered":"<p>Napoli 70 vitriin on kaunis traditsioonilises stiilis puidust m\u00f6\u00f6bel, kuid huvitava vormi ja kaasaegse viimistluse t\u00f5ttu sobib see ka kaasaegsetesse interj\u00f6\u00f6ridesse. Vitriini lihtne kujundus on t\u00e4iendatud freesitud k\u00e4epidemete ja esipaneeliga, mis v\u00f5imaldab eksponeerida v\u00e4\u00e4rtuslikke esemeid. M\u00f6\u00f6bli alumine osa on varustatud avara sahtliga ning ukse taga peidetud riiulitega, mis toovad korda avarasse s\u00f6\u00f6gituppa v\u00f5i elutuppa.<\/p>\n<p>\u00dclemine pind, esipaneelid ja jalad on valmistatud t\u00e4ispuidust tammest, mis on kaitstud \u00f5liga. Lisaks kaitsevad kuulf\u00f6\u00f6d p\u00f5randat kriimustuste eest tugevate jalgade t\u00f5ttu. K\u00fcljed on valmistatud tammevineerist, samas kui sisemus on kombineeritud laminaadist ja \u00fclemised riiulid on klaasist. Avatud sahtel ja hinged on varustatud soft-close funktsiooniga, mis m\u00f5jutab positiivselt kasutajate kogemust. Puitfrontide t\u00e4ienduseks on karastatud klaas ja hoolikalt teostatud freesid, mis asendavad tavap\u00e4rased k\u00e4epidemed. See ainulaadne vitriin moodustab ideaalse koosluse TV kapp Napoli 48\u00a0&#8211; see komplekt sobib suurep\u00e4raselt elutuppa v\u00f5i kodukontorisse.<\/p>\n<p>&nbsp;<\/p>\n<div>\n<p><strong>M\u00f6\u00f6bel saadetakse 2 paketis ja on m\u00f5eldud iseseisvaks monteerimiseks.<\/strong><\/p>\n<p>&nbsp;<\/p>\n<\/div>\n<table border=\"0\">\n<tbody>\n<tr>\n<td><strong>Kasutuskoht<\/strong><\/td>\n<td>Elutuba<\/td>\n<\/tr>\n<tr>\n<td><strong>M\u00f5\u00f5tmed (k\u00f5rgus\/laius\/s\u00fcgavus) cm<\/strong><\/td>\n<td>190 \/ 104 \/ 40<\/td>\n<\/tr>\n<tr>\n<td><strong>Kaal koos pakendiga<\/strong><\/td>\n<td>70 kg<\/td>\n<\/tr>\n<tr>\n<td><strong>Materjalid<\/strong><\/td>\n<td>Tammepuit, tammefurneer, laminaat, HDF plaat<\/td>\n<\/tr>\n<\/tbody>\n<\/table>\n<h4><\/h4>\n","protected":false},"featured_media":42464,"comment_status":"closed","ping_status":"closed","template":"","meta":{"_gspb_post_css":""},"product_brand":[34],"product_cat":[165,205,4297,4062],"product_tag":[],"class_list":{"0":"post-42463","1":"product","2":"type-product","3":"status-publish","4":"has-post-thumbnail","6":"product_brand-siudy","7":"product_cat-elutuba","8":"product_cat-kapid","9":"product_cat-siudy","10":"product_cat-vitriinkapid","11":"pa_korgus-2015","12":"pa_laius-918","13":"pa_sugavus-646","14":"pa_vahelaos-jah","16":"first","17":"instock","18":"sale","19":"purchasable","20":"product-type-simple"},"_links":{"self":[{"href":"https:\/\/www.nordi.ee\/en\/wp-json\/wp\/v2\/product\/42463","targetHints":{"allow":["GET"]}}],"collection":[{"href":"https:\/\/www.nordi.ee\/en\/wp-json\/wp\/v2\/product"}],"about":[{"href":"https:\/\/www.nordi.ee\/en\/wp-json\/wp\/v2\/types\/product"}],"replies":[{"embeddable":true,"href":"https:\/\/www.nordi.ee\/en\/wp-json\/wp\/v2\/comments?post=42463"}],"wp:featuredmedia":[{"embeddable":true,"href":"https:\/\/www.nordi.ee\/en\/wp-json\/wp\/v2\/media\/42464"}],"wp:attachment":[{"href":"https:\/\/www.nordi.ee\/en\/wp-json\/wp\/v2\/media?parent=42463"}],"wp:term":[{"taxonomy":"product_brand","embeddable":true,"href":"https:\/\/www.nordi.ee\/en\/wp-json\/wp\/v2\/product_brand?post=42463"},{"taxonomy":"product_cat","embeddable":true,"href":"https:\/\/www.nordi.ee\/en\/wp-json\/wp\/v2\/product_cat?post=42463"},{"taxonomy":"product_tag","embeddable":true,"href":"https:\/\/www.nordi.ee\/en\/wp-json\/wp\/v2\/product_tag?post=42463"}],"curies":[{"name":"wp","href":"https:\/\/api.w.org\/{rel}","templated":true}]}}