{"id":42455,"date":"2025-11-22T14:25:25","date_gmt":"2025-11-22T12:25:25","guid":{"rendered":"https:\/\/www.nordi.ee\/?post_type=product&#038;p=42455"},"modified":"2025-11-23T21:01:25","modified_gmt":"2025-11-23T19:01:25","slug":"tammepuidust-kummut-raro-85","status":"publish","type":"product","link":"https:\/\/www.nordi.ee\/en\/toode\/tammepuidust-kummut-raro-85\/","title":{"rendered":"Tammepuidust kummut RARO 85"},"content":{"rendered":"","protected":false},"excerpt":{"rendered":"<p data-start=\"93\" data-end=\"588\">Kitsas tammepuidust kummut-vitriin Raro 85 on suurep\u00e4rane valik minimalistliku ja modernse disaini austajatele. See kaunis m\u00f6\u00f6bliese lisab elegantsi igale elutoale v\u00f5i avarale s\u00f6\u00f6gitoale ning sobib h\u00e4sti ka stiilsesse kontoriruumi. T\u00e4nu praktilisele sisulahendusele pakub see rohkelt hoiuruumi. Alumises osas on 3 laminaadist riiulit, mis on peidetud t\u00e4ispuidust uste taha. Dekoratiivsed esemed ja v\u00e4\u00e4rtuslikud kollektsioonid saab kaunilt v\u00e4lja panna laial klaasriiulil, mis asub m\u00f6\u00f6bli \u00fclaosas.<\/p>\n<p data-start=\"590\" data-end=\"1264\">M\u00f6\u00f6bli esipaneel on valmistatud \u00f5litatud tammepuidust koos tumeda klaasiga, samas kui pealisplaat, k\u00fcljed ja sisemus on valmistatud puidusarnase struktuuriga laminaatplaadist, mis on toonilt t\u00e4iuslikus koosk\u00f5las tammepuidust frontidega. Nurgas paiknev tume klaas loob elegantse ja tagasihoidliku eksponeerimisv\u00f5imaluse ning mustad metallk\u00e4epidemed t\u00e4iendavad m\u00f6\u00f6bli modernset ilmet. T\u00e4nu vaikselt sulguvale mehhanismile ei pr\u00f5mmitse massiivsed uksed isegi tugevamal sulgemisel. RARO 85 vitriin pole mitte ainult praktiline hoiulahendus, vaid ka suurep\u00e4rane t\u00e4iendus s\u00f6\u00f6gituppa, elutuppa v\u00f5i avatud k\u00f6\u00f6ki. See sobib ideaalselt kokku teiste Raro kollektsiooni m\u00f6\u00f6bliesemetega.<\/p>\n<p data-start=\"1266\" data-end=\"1340\">M\u00f6\u00f6bel saadetakse kahes pakis ja on ette n\u00e4htud iseseisvaks kokkupanekuks.<\/p>\n<hr data-start=\"1342\" data-end=\"1345\" \/>\n<p data-start=\"1347\" data-end=\"1365\"><strong data-start=\"1347\" data-end=\"1365\">Konstruktsioon<\/strong><\/p>\n<ul data-start=\"1367\" data-end=\"1570\">\n<li data-start=\"1367\" data-end=\"1405\">\n<p data-start=\"1369\" data-end=\"1405\"><strong data-start=\"1369\" data-end=\"1382\">Sihtkoht:<\/strong> elutuba, magamistuba<\/p>\n<\/li>\n<li data-start=\"1406\" data-end=\"1463\">\n<p data-start=\"1408\" data-end=\"1463\"><strong data-start=\"1408\" data-end=\"1442\">M\u00f5\u00f5dud (k\u00f5rgus\/laius\/s\u00fcgavus):<\/strong> 140,5 \u00d7 85 \u00d7 40 cm<\/p>\n<\/li>\n<li data-start=\"1464\" data-end=\"1550\">\n<p data-start=\"1466\" data-end=\"1550\"><strong data-start=\"1466\" data-end=\"1481\">Materjalid:<\/strong> tammepuit, laminaatplaat, toonitud karastatud klaas, klaas, metall<\/p>\n<\/li>\n<li data-start=\"1551\" data-end=\"1570\">\n<p data-start=\"1553\" data-end=\"1570\"><strong data-start=\"1553\" data-end=\"1562\">Kaal:<\/strong> 52 kg<\/p>\n<\/li>\n<\/ul>\n","protected":false},"featured_media":42456,"comment_status":"closed","ping_status":"closed","template":"","meta":{"_gspb_post_css":""},"product_brand":[34],"product_cat":[165,205,4067,4297],"product_tag":[],"class_list":{"0":"post-42455","1":"product","2":"type-product","3":"status-publish","4":"has-post-thumbnail","6":"product_brand-siudy","7":"product_cat-elutuba","8":"product_cat-kapid","9":"product_cat-kummutid","10":"product_cat-siudy","11":"pa_korgus-301","12":"pa_laius-785","13":"pa_sugavus-646","14":"pa_vahelaos-jah","16":"first","17":"instock","18":"sale","19":"purchasable","20":"product-type-simple"},"_links":{"self":[{"href":"https:\/\/www.nordi.ee\/en\/wp-json\/wp\/v2\/product\/42455","targetHints":{"allow":["GET"]}}],"collection":[{"href":"https:\/\/www.nordi.ee\/en\/wp-json\/wp\/v2\/product"}],"about":[{"href":"https:\/\/www.nordi.ee\/en\/wp-json\/wp\/v2\/types\/product"}],"replies":[{"embeddable":true,"href":"https:\/\/www.nordi.ee\/en\/wp-json\/wp\/v2\/comments?post=42455"}],"wp:featuredmedia":[{"embeddable":true,"href":"https:\/\/www.nordi.ee\/en\/wp-json\/wp\/v2\/media\/42456"}],"wp:attachment":[{"href":"https:\/\/www.nordi.ee\/en\/wp-json\/wp\/v2\/media?parent=42455"}],"wp:term":[{"taxonomy":"product_brand","embeddable":true,"href":"https:\/\/www.nordi.ee\/en\/wp-json\/wp\/v2\/product_brand?post=42455"},{"taxonomy":"product_cat","embeddable":true,"href":"https:\/\/www.nordi.ee\/en\/wp-json\/wp\/v2\/product_cat?post=42455"},{"taxonomy":"product_tag","embeddable":true,"href":"https:\/\/www.nordi.ee\/en\/wp-json\/wp\/v2\/product_tag?post=42455"}],"curies":[{"name":"wp","href":"https:\/\/api.w.org\/{rel}","templated":true}]}}