{"id":42449,"date":"2025-11-22T14:25:25","date_gmt":"2025-11-22T12:25:25","guid":{"rendered":"https:\/\/www.nordi.ee\/?post_type=product&#038;p=42449"},"modified":"2025-11-23T21:01:24","modified_gmt":"2025-11-23T19:01:24","slug":"tammepuidust-kummut-raro-86","status":"publish","type":"product","link":"https:\/\/www.nordi.ee\/en\/toode\/tammepuidust-kummut-raro-86\/","title":{"rendered":"Tammepuidust kummut RARO 86"},"content":{"rendered":"","protected":false},"excerpt":{"rendered":"<p data-start=\"90\" data-end=\"665\">Lai tammepuidust vitriin Raro 86 on tugev ja efektne m\u00f6\u00f6bliese, mis v\u00f5ib kergesti saada avara elutoa v\u00f5i s\u00f6\u00f6gitoa keskpunktiks. Kuldkollane tammetoon koos toonitud klaasi ja mustade detailidega loob elegantse ja harmoonilise terviku. Vitriin sobib h\u00e4sti nii modernsesse kui ka kaasaegsesse interj\u00f6\u00f6ri, lisades ruumile isikup\u00e4ra ja stiili. M\u00f5lemal k\u00fcljel, suletud uste taga, asuvad 2 klaasriiulit ja 6 laminaadist riiulit. Vitriini keskosa moodustavad avatud riiulid toonitud karastatud klaasist \u2014 ideaalne koht dekoratsioonide ja v\u00e4\u00e4rtuslike m\u00e4lestusesemete eksponeerimiseks.<\/p>\n<p data-start=\"667\" data-end=\"1147\">Esipaneel on valmistatud \u00f5litatud tammepuidust koos tumeda klaasiga, samas kui korpus (pealisplaat, k\u00fcljed ja sisemus) on valmistatud 3D-struktuuriga s\u00fcnkroonlaminaadist, mis j\u00e4ljendab t\u00e4pselt puidu v\u00e4rvi ja tekstuuri. Mustad metallk\u00e4epidemed t\u00e4iendavad kuldset \u00f5litatud tammepuitu, tuues interj\u00f6\u00f6ri \u0161ikki ja elegantsi. K\u00f5rgekvaliteedilised materjalid muudavad m\u00f6\u00f6bli vastupidavaks ja lihtsasti hooldatavaks. Vaikselt sulguvad ukselingid tagavad mugava ja h\u00e4\u00e4letu kasutuskogemuse.<\/p>\n<p data-start=\"1149\" data-end=\"1224\">M\u00f6\u00f6bel saadetakse kolmes pakis ja on ette n\u00e4htud iseseisvaks kokkupanekuks.<\/p>\n<hr data-start=\"1226\" data-end=\"1229\" \/>\n<p data-start=\"1231\" data-end=\"1249\"><strong data-start=\"1231\" data-end=\"1249\">Konstruktsioon<\/strong><\/p>\n<ul data-start=\"1251\" data-end=\"1462\">\n<li data-start=\"1251\" data-end=\"1289\">\n<p data-start=\"1253\" data-end=\"1289\"><strong data-start=\"1253\" data-end=\"1266\">Sihtkoht:<\/strong> elutuba, magamistuba<\/p>\n<\/li>\n<li data-start=\"1290\" data-end=\"1348\">\n<p data-start=\"1292\" data-end=\"1348\"><strong data-start=\"1292\" data-end=\"1326\">M\u00f5\u00f5dud (k\u00f5rgus\/laius\/s\u00fcgavus):<\/strong> 140,5 \u00d7 125 \u00d7 40 cm<\/p>\n<\/li>\n<li data-start=\"1349\" data-end=\"1435\">\n<p data-start=\"1351\" data-end=\"1435\"><strong data-start=\"1351\" data-end=\"1366\">Materjalid:<\/strong> tammepuit, laminaatplaat, toonitud karastatud klaas, klaas, metall<\/p>\n<\/li>\n<li data-start=\"1436\" data-end=\"1462\">\n<p data-start=\"1438\" data-end=\"1462\"><strong data-start=\"1438\" data-end=\"1454\">M\u00f6\u00f6bli kaal:<\/strong> 80 kg<\/p>\n<\/li>\n<\/ul>\n","protected":false},"featured_media":42450,"comment_status":"closed","ping_status":"closed","template":"","meta":{"_gspb_post_css":""},"product_brand":[34],"product_cat":[165,205,4067,4297],"product_tag":[],"class_list":{"0":"post-42449","1":"product","2":"type-product","3":"status-publish","4":"has-post-thumbnail","6":"product_brand-siudy","7":"product_cat-elutuba","8":"product_cat-kapid","9":"product_cat-kummutid","10":"product_cat-siudy","11":"pa_korgus-301","12":"pa_laius-2088","13":"pa_sugavus-646","14":"pa_vahelaos-jah","16":"first","17":"instock","18":"sale","19":"purchasable","20":"product-type-simple"},"_links":{"self":[{"href":"https:\/\/www.nordi.ee\/en\/wp-json\/wp\/v2\/product\/42449","targetHints":{"allow":["GET"]}}],"collection":[{"href":"https:\/\/www.nordi.ee\/en\/wp-json\/wp\/v2\/product"}],"about":[{"href":"https:\/\/www.nordi.ee\/en\/wp-json\/wp\/v2\/types\/product"}],"replies":[{"embeddable":true,"href":"https:\/\/www.nordi.ee\/en\/wp-json\/wp\/v2\/comments?post=42449"}],"wp:featuredmedia":[{"embeddable":true,"href":"https:\/\/www.nordi.ee\/en\/wp-json\/wp\/v2\/media\/42450"}],"wp:attachment":[{"href":"https:\/\/www.nordi.ee\/en\/wp-json\/wp\/v2\/media?parent=42449"}],"wp:term":[{"taxonomy":"product_brand","embeddable":true,"href":"https:\/\/www.nordi.ee\/en\/wp-json\/wp\/v2\/product_brand?post=42449"},{"taxonomy":"product_cat","embeddable":true,"href":"https:\/\/www.nordi.ee\/en\/wp-json\/wp\/v2\/product_cat?post=42449"},{"taxonomy":"product_tag","embeddable":true,"href":"https:\/\/www.nordi.ee\/en\/wp-json\/wp\/v2\/product_tag?post=42449"}],"curies":[{"name":"wp","href":"https:\/\/api.w.org\/{rel}","templated":true}]}}