{"id":42442,"date":"2025-11-22T14:25:25","date_gmt":"2025-11-22T12:25:25","guid":{"rendered":"https:\/\/www.nordi.ee\/?post_type=product&#038;p=42442"},"modified":"2025-11-23T21:01:24","modified_gmt":"2025-11-23T19:01:24","slug":"tammepuidust-kummut-raro-84-tumendatud-klaasiga","status":"publish","type":"product","link":"https:\/\/www.nordi.ee\/en\/toode\/tammepuidust-kummut-raro-84-tumendatud-klaasiga\/","title":{"rendered":"Tammepuidust vitriinkapp RARO 84 tumendatud klaasiga"},"content":{"rendered":"","protected":false},"excerpt":{"rendered":"<p data-start=\"103\" data-end=\"648\">Tammepuidust vitriin Raro 84 on eriline m\u00f6\u00f6bliese, mis \u00fchendab endas naturaalse ilu ja kaasaegse funktsionaalsuse, sobitudes suurep\u00e4raselt nii minimalistlikesse kui ka elegantsetesse interj\u00f6\u00f6ridesse. See on praktiline ja stiilne lahendus esemete hoiustamiseks ja eksponeerimiseks. Vitriinil on kokku 4 sahtlit ja 9 riiulit, millest 2 on valmistatud karastatud klaasist ning 2 laminaadist. Klaasitud osa sobib ideaalselt dekoratsioonide esiletoomiseks, samal ajal kui \u00fclej\u00e4\u00e4nud sektsioonid pakuvad mugavat ruumi igap\u00e4evaste esemete hoiustamiseks.<\/p>\n<p data-start=\"650\" data-end=\"1078\">Vitriini esipaneelid on valmistatud naturaalsest tammepuidust, tume karastatud klaas lisab m\u00f6\u00f6blile peene elegantsi ja moodsat iseloomu. Korpus on valmistatud 3D-struktuuriga s\u00fcnkroonsest laminaatplaadist, mis on toonilt t\u00e4pselt sobitatud tammepuidust frontidega, luues visuaalselt \u00fchtse ja harmoonilise tulemuse. Pulberv\u00e4rvitud mustad metallk\u00e4epidemed ning vaikselt sulguvad hinged ja siinid r\u00f5hutavad m\u00f6\u00f6bli k\u00f5rget kvaliteeti.<\/p>\n<p data-start=\"1080\" data-end=\"1151\">M\u00f6\u00f6bel saadetakse kolmes pakis ja on m\u00f5eldud iseseisvaks kokkupanekuks.<\/p>\n<hr data-start=\"1153\" data-end=\"1156\" \/>\n<p data-start=\"1158\" data-end=\"1176\"><strong data-start=\"1158\" data-end=\"1176\">Konstruktsioon<\/strong><\/p>\n<ul data-start=\"1178\" data-end=\"1389\">\n<li data-start=\"1178\" data-end=\"1216\">\n<p data-start=\"1180\" data-end=\"1216\"><strong data-start=\"1180\" data-end=\"1193\">Tuba:<\/strong> elutuba, magamistuba<\/p>\n<\/li>\n<li data-start=\"1217\" data-end=\"1275\">\n<p data-start=\"1219\" data-end=\"1275\"><strong data-start=\"1219\" data-end=\"1253\">M\u00f5\u00f5dud (k\u00f5rgus\/laius\/s\u00fcgavus):<\/strong> 140,5 \u00d7 125 \u00d7 40 cm<\/p>\n<\/li>\n<li data-start=\"1276\" data-end=\"1362\">\n<p data-start=\"1278\" data-end=\"1362\"><strong data-start=\"1278\" data-end=\"1293\">Materjalid:<\/strong> tammepuit, laminaatplaat, toonitud karastatud klaas, klaas, metall<\/p>\n<\/li>\n<li data-start=\"1363\" data-end=\"1389\">\n<p data-start=\"1365\" data-end=\"1389\"><strong data-start=\"1365\" data-end=\"1381\">M\u00f6\u00f6bli kaal:<\/strong> 92 kg<\/p>\n<\/li>\n<\/ul>\n","protected":false},"featured_media":42443,"comment_status":"closed","ping_status":"closed","template":"","meta":{"_gspb_post_css":""},"product_brand":[34],"product_cat":[165,205,4297,4062],"product_tag":[],"class_list":{"0":"post-42442","1":"product","2":"type-product","3":"status-publish","4":"has-post-thumbnail","6":"product_brand-siudy","7":"product_cat-elutuba","8":"product_cat-kapid","9":"product_cat-siudy","10":"product_cat-vitriinkapid","11":"pa_korgus-301","12":"pa_laius-2088","13":"pa_sugavus-646","14":"pa_vahelaos-jah","16":"first","17":"instock","18":"sale","19":"purchasable","20":"product-type-simple"},"_links":{"self":[{"href":"https:\/\/www.nordi.ee\/en\/wp-json\/wp\/v2\/product\/42442","targetHints":{"allow":["GET"]}}],"collection":[{"href":"https:\/\/www.nordi.ee\/en\/wp-json\/wp\/v2\/product"}],"about":[{"href":"https:\/\/www.nordi.ee\/en\/wp-json\/wp\/v2\/types\/product"}],"replies":[{"embeddable":true,"href":"https:\/\/www.nordi.ee\/en\/wp-json\/wp\/v2\/comments?post=42442"}],"wp:featuredmedia":[{"embeddable":true,"href":"https:\/\/www.nordi.ee\/en\/wp-json\/wp\/v2\/media\/42443"}],"wp:attachment":[{"href":"https:\/\/www.nordi.ee\/en\/wp-json\/wp\/v2\/media?parent=42442"}],"wp:term":[{"taxonomy":"product_brand","embeddable":true,"href":"https:\/\/www.nordi.ee\/en\/wp-json\/wp\/v2\/product_brand?post=42442"},{"taxonomy":"product_cat","embeddable":true,"href":"https:\/\/www.nordi.ee\/en\/wp-json\/wp\/v2\/product_cat?post=42442"},{"taxonomy":"product_tag","embeddable":true,"href":"https:\/\/www.nordi.ee\/en\/wp-json\/wp\/v2\/product_tag?post=42442"}],"curies":[{"name":"wp","href":"https:\/\/api.w.org\/{rel}","templated":true}]}}