{"id":42432,"date":"2025-11-22T14:25:25","date_gmt":"2025-11-22T12:25:25","guid":{"rendered":"https:\/\/www.nordi.ee\/?post_type=product&#038;p=42432"},"modified":"2025-11-23T21:01:24","modified_gmt":"2025-11-23T19:01:24","slug":"tammepuidust-vitriinkappp-bruno-72-klaasuksega","status":"publish","type":"product","link":"https:\/\/www.nordi.ee\/en\/toode\/tammepuidust-vitriinkappp-bruno-72-klaasuksega\/","title":{"rendered":"Tammepuidust vitriinkappp BRUNO 72 klaasuksega"},"content":{"rendered":"","protected":false},"excerpt":{"rendered":"<p data-start=\"94\" data-end=\"789\">Rihveldatud tammepuidust vitriin Bruno 72 on k\u00f5rge ja efektne m\u00f6\u00f6bliese, mis avaldab muljet oma elegantse disainiga ning sobib suurep\u00e4raselt klassikalistesse ja traditsioonilistesse interj\u00f6\u00f6ridesse. Muljetavaldav vitriin, mille k\u00f5rgus on 195 cm ja laius 100 cm, paistab silma nii esteetika kui ka funktsionaalsuse poolest. Vitriini \u00fclaosas on kolm klaasriiulit, mida saab soovi korral valgustada, luues lummava visuaalse efekti. Riiulite k\u00f5rgust saab reguleerida t\u00e4nu lisas\u00fcvenditele, mis v\u00f5imaldab neid vastavalt vajadustele mugavalt kohandada. Vitriini alumises osas, puidust ustega suletud sektsioonis, asub lai laminaatplaadist riiul, mis sobib suurep\u00e4raselt raskemate esemete hoiustamiseks.<\/p>\n<p data-start=\"791\" data-end=\"1465\">\u00d5litatud tammepuidust esipaneel annab m\u00f6\u00f6blile naturaalse ilme ja vastupidavuse, klaasitud uksed lisavad kergust ning v\u00f5imaldavad samal ajal eksponeerida v\u00e4\u00e4rtuslikku portselani, klaasi v\u00f5i muid dekoratsioone. Vitriini korpus on valmistatud k\u00f5rgekvaliteedilisest 3D-efektiga s\u00fcnkroonstruktuuriga laminaatplaadist, mis sobitub suurep\u00e4raselt kokku tammepuidust frontidega. K\u00f5ik uksed on varustatud vaikselt sulguvate hingede mehhanismiga, mis tagab mugava kasutuse ja kaitseb m\u00f6\u00f6blit kulumise eest. Iseloomulik rihveldus osal esipaneelist lisab vitriinile v\u00f5lu ja elegantsi, samas kui freesitud k\u00e4epidemed muudavad uste avamise lihtsaks ning r\u00f5hutavad minimalistlikku disaini.<\/p>\n<p data-start=\"1467\" data-end=\"1537\">M\u00f6\u00f6bel saadetakse kahes pakis ja on m\u00f5eldud iseseisvaks kokkupanekuks.<\/p>\n<p data-start=\"1539\" data-end=\"1654\">Kas otsid selle vitriini jaoks sobivat valgustust? V\u00f5ta meiega \u00fchendust \u2014 aitame leida just sulle sobiva lahenduse!<\/p>\n<hr data-start=\"1656\" data-end=\"1659\" \/>\n<p data-start=\"1661\" data-end=\"1679\"><strong data-start=\"1661\" data-end=\"1679\">Konstruktsioon<\/strong><\/p>\n<ul data-start=\"1681\" data-end=\"1865\">\n<li data-start=\"1681\" data-end=\"1706\">\n<p data-start=\"1683\" data-end=\"1706\"><strong data-start=\"1683\" data-end=\"1696\">Sihtkoht:<\/strong> elutuba<\/p>\n<\/li>\n<li data-start=\"1707\" data-end=\"1763\">\n<p data-start=\"1709\" data-end=\"1763\"><strong data-start=\"1709\" data-end=\"1743\">M\u00f5\u00f5dud (k\u00f5rgus\/laius\/s\u00fcgavus):<\/strong> 195 \u00d7 100 \u00d7 42 cm<\/p>\n<\/li>\n<li data-start=\"1764\" data-end=\"1793\">\n<p data-start=\"1766\" data-end=\"1793\"><strong data-start=\"1766\" data-end=\"1785\">Kaal pakendiga:<\/strong> 78 kg<\/p>\n<\/li>\n<li data-start=\"1794\" data-end=\"1865\">\n<p data-start=\"1796\" data-end=\"1865\"><strong data-start=\"1796\" data-end=\"1811\">Materjalid:<\/strong> tammepuit, tammelist imiteeriv laminaatplaat, klaas<\/p>\n<\/li>\n<\/ul>\n","protected":false},"featured_media":42433,"comment_status":"closed","ping_status":"closed","template":"","meta":{"_gspb_post_css":""},"product_brand":[34],"product_cat":[165,205,4297,4062],"product_tag":[],"class_list":{"0":"post-42432","1":"product","2":"type-product","3":"status-publish","4":"has-post-thumbnail","6":"product_brand-siudy","7":"product_cat-elutuba","8":"product_cat-kapid","9":"product_cat-siudy","10":"product_cat-vitriinkapid","11":"pa_korgus-4281","12":"pa_laius-615","13":"pa_sugavus-355","14":"pa_vahelaos-jah","16":"first","17":"instock","18":"sale","19":"purchasable","20":"product-type-simple"},"_links":{"self":[{"href":"https:\/\/www.nordi.ee\/en\/wp-json\/wp\/v2\/product\/42432","targetHints":{"allow":["GET"]}}],"collection":[{"href":"https:\/\/www.nordi.ee\/en\/wp-json\/wp\/v2\/product"}],"about":[{"href":"https:\/\/www.nordi.ee\/en\/wp-json\/wp\/v2\/types\/product"}],"replies":[{"embeddable":true,"href":"https:\/\/www.nordi.ee\/en\/wp-json\/wp\/v2\/comments?post=42432"}],"wp:featuredmedia":[{"embeddable":true,"href":"https:\/\/www.nordi.ee\/en\/wp-json\/wp\/v2\/media\/42433"}],"wp:attachment":[{"href":"https:\/\/www.nordi.ee\/en\/wp-json\/wp\/v2\/media?parent=42432"}],"wp:term":[{"taxonomy":"product_brand","embeddable":true,"href":"https:\/\/www.nordi.ee\/en\/wp-json\/wp\/v2\/product_brand?post=42432"},{"taxonomy":"product_cat","embeddable":true,"href":"https:\/\/www.nordi.ee\/en\/wp-json\/wp\/v2\/product_cat?post=42432"},{"taxonomy":"product_tag","embeddable":true,"href":"https:\/\/www.nordi.ee\/en\/wp-json\/wp\/v2\/product_tag?post=42432"}],"curies":[{"name":"wp","href":"https:\/\/api.w.org\/{rel}","templated":true}]}}