{"id":42426,"date":"2025-11-22T14:25:25","date_gmt":"2025-11-22T12:25:25","guid":{"rendered":"https:\/\/www.nordi.ee\/?post_type=product&#038;p=42426"},"modified":"2025-11-23T21:01:25","modified_gmt":"2025-11-23T19:01:25","slug":"tammepuidust-vitriinkapp-raro-91-toonklaasiga","status":"publish","type":"product","link":"https:\/\/www.nordi.ee\/en\/toode\/tammepuidust-vitriinkapp-raro-91-toonklaasiga\/","title":{"rendered":"Tammepuidust Vitriinkapp RARO 91  toonklaasiga"},"content":{"rendered":"","protected":false},"excerpt":{"rendered":"<p data-start=\"81\" data-end=\"544\">K\u00f5rge tammepuidust vitriin Raro 91 sobitub suurep\u00e4raselt v\u00e4iksematesse ruumidesse, kus domineerib modernne stiil. Olenemata sellest, kas see on osa elutoa puhkenurga komplektist v\u00f5i iseseisev kontorim\u00f6\u00f6bel \u2014 vitriin toimib \u00fchtaegu nii hoiustamis- kui ka eksponeerimislahendusena. Kokku on vitriinil 4 riiulit, millest kaks on karastatud klaasist ja taluvad kuni 3 kg raskust. \u00dclej\u00e4\u00e4nud tammelaminaadist riiulid on piisavalt tugevad, et kanda ka raskemaid esemeid.<\/p>\n<p data-start=\"546\" data-end=\"1122\">M\u00f6\u00f6bli esipaneel on valmistatud t\u00e4ispuidust tammest, millel on soe, kuldne toon, ning sellega harmoneeruv tume klaas lisab kogu kujundusele elegantsi. Korpus (k\u00fcljed, pealisplaat ja osa riiuleid) on valmistatud tammelist imiteerivast laminaatplaadist, mis sobib ideaalselt kokku t\u00e4ispuidust esiosaga. Stiili t\u00e4iendavad mustad metallist k\u00e4epidemed, mis annavad m\u00f6\u00f6blile modernistliku ilme. Uksehingedel on vaikselt sulguv mehhanism, mis teeb kasutamise eriti mugavaks. M\u00f6\u00f6blit on lihtne hooldada, see on vastupidav ning selle eluiga saab h\u00f5lpsalt pikendada korduva \u00f5litamisega.<\/p>\n<p data-start=\"1124\" data-end=\"1198\"><strong>M\u00f6\u00f6bel saadetakse kahes pakis ja on ette n\u00e4htud iseseisvaks kokkupanekuks.<\/strong><\/p>\n<hr data-start=\"1200\" data-end=\"1203\" \/>\n<ul data-start=\"1225\" data-end=\"1426\">\n<li data-start=\"1225\" data-end=\"1263\">\n<p data-start=\"1227\" data-end=\"1263\"><strong data-start=\"1227\" data-end=\"1240\">Tuba:<\/strong> elutuba, magamistuba<\/p>\n<\/li>\n<li data-start=\"1264\" data-end=\"1319\">\n<p data-start=\"1266\" data-end=\"1319\"><strong data-start=\"1266\" data-end=\"1300\">M\u00f5\u00f5dud (k\u00f5rgus\/laius\/s\u00fcgavus):<\/strong> 190 \u00d7 60 \u00d7 40 cm<\/p>\n<\/li>\n<li data-start=\"1320\" data-end=\"1406\">\n<p data-start=\"1322\" data-end=\"1406\"><strong data-start=\"1322\" data-end=\"1337\">Materjalid:<\/strong> tammepuit, laminaatplaat, toonitud karastatud klaas, klaas, metall<\/p>\n<\/li>\n<li data-start=\"1407\" data-end=\"1426\">\n<p data-start=\"1409\" data-end=\"1426\"><strong data-start=\"1409\" data-end=\"1418\">Kaal:<\/strong> 56 kg<\/p>\n<\/li>\n<\/ul>\n","protected":false},"featured_media":42427,"comment_status":"closed","ping_status":"closed","template":"","meta":{"_gspb_post_css":""},"product_brand":[34],"product_cat":[165,205,4297,4062],"product_tag":[],"class_list":{"0":"post-42426","1":"product","2":"type-product","3":"status-publish","4":"has-post-thumbnail","6":"product_brand-siudy","7":"product_cat-elutuba","8":"product_cat-kapid","9":"product_cat-siudy","10":"product_cat-vitriinkapid","11":"pa_korgus-2015","12":"pa_laius-310","13":"pa_sugavus-646","14":"pa_vahelaos-jah","16":"first","17":"instock","18":"sale","19":"purchasable","20":"product-type-simple"},"_links":{"self":[{"href":"https:\/\/www.nordi.ee\/en\/wp-json\/wp\/v2\/product\/42426","targetHints":{"allow":["GET"]}}],"collection":[{"href":"https:\/\/www.nordi.ee\/en\/wp-json\/wp\/v2\/product"}],"about":[{"href":"https:\/\/www.nordi.ee\/en\/wp-json\/wp\/v2\/types\/product"}],"replies":[{"embeddable":true,"href":"https:\/\/www.nordi.ee\/en\/wp-json\/wp\/v2\/comments?post=42426"}],"wp:featuredmedia":[{"embeddable":true,"href":"https:\/\/www.nordi.ee\/en\/wp-json\/wp\/v2\/media\/42427"}],"wp:attachment":[{"href":"https:\/\/www.nordi.ee\/en\/wp-json\/wp\/v2\/media?parent=42426"}],"wp:term":[{"taxonomy":"product_brand","embeddable":true,"href":"https:\/\/www.nordi.ee\/en\/wp-json\/wp\/v2\/product_brand?post=42426"},{"taxonomy":"product_cat","embeddable":true,"href":"https:\/\/www.nordi.ee\/en\/wp-json\/wp\/v2\/product_cat?post=42426"},{"taxonomy":"product_tag","embeddable":true,"href":"https:\/\/www.nordi.ee\/en\/wp-json\/wp\/v2\/product_tag?post=42426"}],"curies":[{"name":"wp","href":"https:\/\/api.w.org\/{rel}","templated":true}]}}